{"id":5301,"date":"2019-10-25T16:32:19","date_gmt":"2019-10-25T15:32:19","guid":{"rendered":"\/condizioni-generali-di-vendita\/"},"modified":"2022-09-05T23:38:57","modified_gmt":"2022-09-05T22:38:57","slug":"condizioni-generali-di-vendita","status":"publish","type":"page","link":"https:\/\/riad-al-ansari.com\/it\/condizioni-generali-di-vendita\/","title":{"rendered":"Condizioni generali di vendita"},"content":{"rendered":"\n<p>Le presenti condizioni generali definiscono i diritti e gli obblighi delle parti in relazione alla prenotazione a distanza dei servizi proposti dal nostro stabilimento i cui dettagli sono specificati nel presente documento di conferma della prenotazione. Esse regolano tutte le fasi necessarie per la prenotazione e il seguito della stessa tra le parti contraenti. Il cliente riconosce di aver letto e accettato le presenti condizioni generali di vendita e le condizioni di vendita della tariffa riservata disponibili sulla nostra piattaforma di prenotazione. I presenti termini e condizioni generali si applicano a tutte le prenotazioni effettuate via internet, tramite la nostra piattaforma di prenotazione.<\/p>\n\n<h2 class=\"wp-block-heading\">Prenotazione<\/h2>\n\n<p>Il cliente sceglie i servizi presentati sulla nostra piattaforma di prenotazione. Riconosce di aver preso visione della natura, della destinazione e delle condizioni di prenotazione dei servizi disponibili sulla nostra piattaforma di prenotazione e di aver richiesto e ottenuto le informazioni necessarie e\/o complementari per effettuare la sua prenotazione con piena cognizione di causa. Il cliente \u00e8 l&#8217;unico responsabile della scelta dei servizi e della loro adeguatezza alle sue esigenze, per cui la nostra responsabilit\u00e0 non pu\u00f2 essere ricercata in questo senso. La prenotazione si considera accettata dal cliente al termine del processo di prenotazione.<\/p>\n\n<h2 class=\"wp-block-heading\">Processo di prenotazione<\/h2>\n\n<p>Le prenotazioni effettuate dal cliente avvengono tramite il voucher di prenotazione dematerializzato accessibile online sulla nostra piattaforma di prenotazione. La prenotazione si considera effettuata al momento della ricezione del voucher di prenotazione. Il cliente si impegna, prima di qualsiasi prenotazione, a completare le informazioni richieste sul voucher o sulla richiesta di prenotazione. Il cliente attesta la veridicit\u00e0 e l&#8217;accuratezza delle informazioni trasmesse. Dopo la scelta definitiva dei servizi da prenotare, la procedura di prenotazione prevede il sequestro della carta di credito in caso di richiesta di garanzia, la consultazione e l&#8217;accettazione delle condizioni generali di vendita e delle condizioni di vendita della tariffa riservata prima della convalida della prenotazione e, infine, la convalida della prenotazione da parte del cliente.<\/p>\n\n<h2 class=\"wp-block-heading\">Conferma di ricezione della prenotazione<\/h2>\n\n<p>La nostra piattaforma di prenotazione conferma la ricezione della prenotazione del cliente inviando immediatamente un&#8217;e-mail. In caso di prenotazione online, la conferma della prenotazione via e-mail riepiloga l&#8217;offerta contrattuale, i servizi prenotati, i prezzi, le condizioni di vendita relative alla tariffa selezionata, accettate dal cliente, la data, le informazioni relative al servizio post-vendita e l&#8217;indirizzo dello stabilimento del venditore presso il quale il cliente pu\u00f2 presentare i propri reclami.<\/p>\n\n<h2 class=\"wp-block-heading\">Cancellazione o modifica del cliente<\/h2>\n\n<p>Si ricorda al cliente, ai sensi dell&#8217;articolo L. 121-21-8 12\u00b0 del Codice del Consumo, che non dispone del diritto di recesso previsto dall&#8217;articolo L. 121-21 del Codice del Consumo. Le condizioni di vendita della tariffa riservata specificano le modalit\u00e0 di cancellazione e\/o modifica della prenotazione.  <\/p>\n\n<p>Le prenotazioni prepagate non sono soggette a modifiche o cancellazioni. Le somme versate in anticipo che costituiscono il deposito non saranno restituite. In questo caso, \u00e8 indicato nelle condizioni di vendita della tariffa. Quando le condizioni di vendita della tariffa prenotata lo consentono, la cancellazione della prenotazione pu\u00f2 essere effettuata direttamente con la struttura, i cui recapiti telefonici sono specificati nella conferma della prenotazione inviata via e-mail.  <\/p>\n\n<p>Tutte le prenotazioni sono registrate e non possono essere trasferite a terzi, n\u00e9 gratuitamente n\u00e9 onerosamente.<\/p>\n\n<p>Tuttavia, nello stabilimento Riad Al Ansari, possono essere accettate alcune modifiche e rimborsi in relazione alle seguenti condizioni, e secondo l&#8217;esplicita espressione della direzione del personale.<\/p>\n\n<p>Costo della richiesta di cancellazione effettuata prima della data di arrivo:<\/p>\n\n<ul class=\"wp-block-list\"><li>Pi\u00f9 di 30 giorni: Rimborso totale, senza spese<\/li><li>Pi\u00f9 di 15 giorni: 20% dell&#8217;importo totale dovuto<\/li><li>Pi\u00f9 di 7 giorni: 50% dell&#8217;importo totale dovuto<\/li><li>Meno di 7 giorni: 100% dell&#8217;importo totale dovuto<\/li><li>Mancata presentazione: 100% dell&#8217;importo totale dovuto<\/li><\/ul>\n<p>Modifica della disponibilit\u00e0:<\/p>\n\n<ul class=\"wp-block-list\"><li>Ospiti extra: 25% della tariffa della camera per ospite, per notte<\/li><\/ul>\n<h2 class=\"wp-block-heading\">Consumo di benefici<\/h2>\n\n<p>In conformit\u00e0 alle normative vigenti in alcuni Paesi, al momento dell&#8217;arrivo potrebbe essere richiesta al cliente la compilazione di una scheda di polizza. A tal fine, al cliente verr\u00e0 chiesto di presentare un documento d&#8217;identit\u00e0 per verificare se \u00e8 necessario compilare il registro di polizia. Qualsiasi comportamento contrario al buon costume e all&#8217;ordine pubblico porter\u00e0 la struttura a chiedere al cliente di lasciare la struttura senza alcun compenso e senza alcun rimborso se \u00e8 gi\u00e0 stato effettuato un accordo. Per gli stabilimenti con Regolamento Interno, il cliente accetta e si impegna a rispettare tali norme. In caso di mancato rispetto da parte del cliente di una delle disposizioni del Regolamento interno, l&#8217;esercizio sar\u00e0 obbligato a invitare il cliente a lasciare l&#8217;esercizio senza alcun risarcimento e senza alcun rimborso se \u00e8 gi\u00e0 stato effettuato un accordo.<\/p>\n\n<h2 class=\"wp-block-heading\">Responsabilit\u00e0<\/h2>\n\n<p>Le fotografie presentate sulla nostra piattaforma di prenotazione non sono contrattuali. Sebbene si faccia il possibile per garantire che le fotografie, le rappresentazioni grafiche e i testi riprodotti per illustrare gli stabilimenti presentati diano un&#8217;immagine il pi\u00f9 possibile accurata dei servizi offerti, possono verificarsi variazioni tra il momento della prenotazione e il giorno del consumo del servizio. Lo stabilimento non pu\u00f2 essere ritenuto responsabile del mancato adempimento o della cattiva esecuzione della prenotazione in caso di forza maggiore, dovuta a terzi, al fatto del cliente, in particolare all&#8217;indisponibilit\u00e0 della rete Internet, all&#8217;impossibilit\u00e0 di accedere al Sito, a intrusioni esterne, a virus informatici o in caso di pagamento anticipato non autorizzato dalla banca del portatore. Qualsiasi prenotazione o pagamento irregolare, non funzionante, incompleto o fraudolento per un motivo imputabile al cliente comporter\u00e0 l&#8217;annullamento dell&#8217;ordine a spese del cliente, senza pregiudizio per qualsiasi azione civile o penale nei confronti di quest&#8217;ultimo.<\/p>\n\n<h2 class=\"wp-block-heading\">Reclami<\/h2>\n\n<p>I reclami relativi alla mancata o inesatta esecuzione dei servizi prenotati devono, a pena di preclusione, essere portati a nostra conoscenza per iscritto entro otto giorni dalla data di partenza della struttura.<\/p>\n\n<h2 class=\"wp-block-heading\">Prezzo<\/h2>\n\n<p>I prezzi per la prenotazione dei servizi sono indicati prima e durante la prenotazione. I prezzi sono confermati al cliente con l&#8217;importo dell&#8217;IVA, nella valuta commerciale dello stabilimento, e sono validi solo per la durata indicata sulla piattaforma di prenotazione. Se l&#8217;addebito alla struttura \u00e8 in una valuta diversa da quella confermata nella prenotazione, le spese di cambio sono a carico del cliente. Tutte le prenotazioni, indipendentemente dalla loro origine, sono pagabili nella valuta locale della struttura, salvo diversa indicazione in loco. Se non diversamente indicato sulla piattaforma di prenotazione, i servizi aggiuntivi non sono inclusi nel prezzo. Le tasse (tasse locali, tassa di soggiorno, ecc&#8230;), ove applicabili, sono indicate nella pagina delle tariffe e devono essere pagate direttamente all&#8217;hotel. I prezzi terranno conto dell&#8217;IVA applicabile il giorno dell&#8217;ordine e qualsiasi variazione dell&#8217;aliquota applicabile all&#8217;IVA si rifletter\u00e0 automaticamente sui prezzi indicati alla data della fattura. Qualsiasi modifica o introduzione di nuove imposte legali o regolamentari imposte dalle autorit\u00e0 competenti si rifletter\u00e0 automaticamente sui prezzi indicati alla data di fatturazione.<\/p>\n\n<h2 class=\"wp-block-heading\">Pagamento<\/h2>\n\n<p>Il cliente comunica le proprie coordinate bancarie a garanzia della prenotazione, salvo condizioni o tariffe particolari, tramite carta di credito o carta privata (Visa, Mastercard, American Express, Diners Club&#8230; secondo le possibilit\u00e0 offerte dalla piattaforma di prenotazione della struttura) inserendo il numero della carta direttamente nell&#8217;apposita casella (protetta da crittografia SSL), senza spazi tra le cifre, e la sua data di validit\u00e0 (si precisa che la carta di credito utilizzata deve essere valida al momento del consumo del servizio) e il crittogramma visivo. Deve presentarsi al locale con la carta bancaria che gli consente di garantire la prenotazione. L&#8217;addebito del pagamento viene effettuato presso lo stabilimento durante il soggiorno, tranne nel caso di condizioni o tariffe speciali in cui l&#8217;addebito parziale o totale del pagamento viene effettuato durante la prenotazione. Questo pagamento anticipato si chiama deposito. In caso di mancato arrivo (prenotazione non annullata &#8211; cliente non presente) di una prenotazione garantita con carta di credito, lo stabilimento addebiter\u00e0 al cliente, in un&#8217;unica soluzione, l&#8217;importo indicato nelle sue condizioni generali e speciali di vendita. La struttura ha scelto 2checkout.com e paypal.com per garantire i pagamenti online con carta di credito. La validit\u00e0 della carta di credito del cliente viene verificata da entrambe le parti terze. Il rifiuto della carta di pagamento pu\u00f2 avvenire per diversi motivi: carta rubata, carta bloccata, tetto raggiunto, errore di inserimento&#8230; In caso di problemi, il cliente dovr\u00e0 rivolgersi alla propria banca da un lato, dall&#8217;altro per confermare la prenotazione e il metodo di pagamento. Nel caso di una tariffa soggetta a pagamento anticipato online, l&#8217;importo pagato in anticipo, ovvero il deposito, viene addebitato al momento della prenotazione. Alcune istituzioni possono generare fatture\/notizie in formato elettronico, il file originale \u00e8 certificato e disponibile online all&#8217;indirizzo internet fornito dall&#8217;istituzione.<\/p>\n\n<h2 class=\"wp-block-heading\">Rispetto della privacy<\/h2>\n\n<p>In ciascuno dei moduli di raccolta dei dati personali, il cliente \u00e8 informato della natura obbligatoria o facoltativa delle risposte mediante la presenza di un asterisco. Le informazioni trattate sono destinate alle istituzioni, a Riad-Al-Ansari.com, alle sue entit\u00e0, ai suoi partner, ai suoi fornitori di servizi (e in particolare ai fornitori di servizi di pagamento online). Il cliente autorizza Riad-Al-Ansari.com a comunicare i propri dati personali a terzi, a condizione che tale comunicazione sia compatibile con l&#8217;esecuzione delle operazioni di competenza di Riad-Al-Ansari.com ai sensi dei presenti termini e condizioni e in relazione alla carta di protezione dei dati personali del cliente. In particolare, in caso di pagamento online, le coordinate bancarie del cliente devono essere trasmesse dai fornitori di servizi di pagamento 2checkout.com e paypal.com alla banca dello stabilimento per l&#8217;esecuzione del contratto di prenotazione. Il cliente \u00e8 informato del fatto che questo trasferimento di dati pu\u00f2 essere eseguito in paesi stranieri che non dispongono di un&#8217;adeguata protezione dei dati personali ai sensi della legge sulla protezione dei dati. Tuttavia, il cliente acconsente a questo trasferimento necessario per l&#8217;esecuzione della sua prenotazione. Paypal.com e 2checkout.com, in qualit\u00e0 di professionisti, si sono impegnati con l&#8217;istituzione ad adottare tutte le misure di sicurezza e riservatezza per tali trasferimenti di dati.<\/p>\n\n<h2 class=\"wp-block-heading\">Convenzione sulle prove<\/h2>\n\n<p>L&#8217;inserimento dei dati bancari richiesti e l&#8217;accettazione dei presenti termini e condizioni e del voucher o della richiesta di prenotazione costituiscono una firma elettronica che ha lo stesso valore di una firma autografa tra le parti. I registri informatizzati conservati nei sistemi informatici di Riad Al Ansari. Saranno conservati in condizioni di ragionevole sicurezza e saranno considerati come prova delle comunicazioni, degli ordini e dei pagamenti tra le parti. Il cliente viene informato che il suo indirizzo IP viene registrato al momento della prenotazione.<\/p>\n\n<h2 class=\"wp-block-heading\">Forza maggiore<\/h2>\n\n<p>Per forza maggiore si intende qualsiasi evento esterno imprevedibile e insormontabile che impedisca al cliente o all&#8217;ente di adempiere in tutto o in parte agli obblighi previsti dal contratto. Per forza maggiore o caso fortuito si intendono le circostanze riconosciute dalla giurisprudenza dei tribunali francesi. Ciascuna parte non potr\u00e0 essere ritenuta responsabile nei confronti dell&#8217;altra parte in caso di mancato adempimento dei propri obblighi derivante da un evento di forza maggiore. Si conviene espressamente che la forza maggiore sospende le parti dall&#8217;adempimento dei reciproci obblighi e che ciascuna parte si fa carico dei costi che ne derivano.<\/p>\n\n<h2 class=\"wp-block-heading\">Contenzioso<\/h2>\n\n<p>Le presenti Condizioni Generali di Vendita sono regolate dalla legge del paese di stabilimento, fatte salve le disposizioni di tutela obbligatoria eventualmente applicabili nel paese di residenza dei consumatori.<\/p>\n\n<h2 class=\"wp-block-heading\">Interezza<\/h2>\n\n<p>Le presenti Condizioni Generali di Vendita, le condizioni di vendita del prezzo prenotato dal cliente e il voucher o la richiesta di prenotazione esprimono l&#8217;insieme degli obblighi delle parti. Le condizioni generali o specifiche comunicate dal cliente non possono essere integrate nelle presenti condizioni generali. I documenti che costituiscono gli impegni contrattuali tra le parti sono, in ordine decrescente di priorit\u00e0, il voucher o la richiesta di prenotazione (comprese le condizioni speciali della tariffa riservata) e le presenti condizioni generali. In caso di incongruenza tra il voucher di prenotazione e le condizioni generali, le disposizioni del voucher di prenotazione saranno le uniche applicabili per l&#8217;obbligo in questione. Le presenti condizioni generali di vendita via Internet possono essere modificate in qualsiasi momento e\/o integrate dallo stabilimento. In questo caso, la nuova versione delle condizioni generali di vendita via Internet sar\u00e0 messa online dallo stabilimento. Non appena sar\u00e0 messa online su Internet, la nuova versione delle condizioni generali di vendita via Internet si applicher\u00e0 automaticamente a tutti i clienti.<\/p>\n","protected":false},"excerpt":{"rendered":"<p>Le presenti condizioni generali definiscono i diritti e gli obblighi delle parti in relazione alla prenotazione a distanza dei servizi proposti dal nostro stabilimento i cui dettagli sono specificati nel presente documento di conferma della prenotazione. Esse regolano tutte le fasi necessarie per la prenotazione e il seguito della stessa tra le parti contraenti. Il [&hellip;]<\/p>\n","protected":false},"author":1,"featured_media":0,"parent":0,"menu_order":0,"comment_status":"closed","ping_status":"closed","template":"","meta":{"inline_featured_image":false,"footnotes":""},"class_list":["post-5301","page","type-page","status-publish","hentry"],"yoast_head":"<!-- This site is optimized with the Yoast SEO plugin v27.0 - https:\/\/yoast.com\/product\/yoast-seo-wordpress\/ -->\n<title>Condizioni generali di vendita - Riad Al Ansari<\/title>\n<meta name=\"robots\" content=\"noindex, nofollow\" \/>\n<meta property=\"og:locale\" content=\"it_IT\" \/>\n<meta property=\"og:type\" content=\"article\" \/>\n<meta property=\"og:title\" content=\"Condizioni generali di vendita - Riad Al Ansari\" \/>\n<meta property=\"og:description\" content=\"Le presenti condizioni generali definiscono i diritti e gli obblighi delle parti in relazione alla prenotazione a distanza dei servizi proposti dal nostro stabilimento i cui dettagli sono specificati nel presente documento di conferma della prenotazione. Esse regolano tutte le fasi necessarie per la prenotazione e il seguito della stessa tra le parti contraenti. Il [&hellip;]\" \/>\n<meta property=\"og:url\" content=\"https:\/\/riad-al-ansari.com\/it\/condizioni-generali-di-vendita\/\" \/>\n<meta property=\"og:site_name\" content=\"Riad Al Ansari\" \/>\n<meta property=\"article:modified_time\" content=\"2022-09-05T22:38:57+00:00\" \/>\n<meta property=\"og:image\" content=\"https:\/\/riad-al-ansari.com\/wp-content\/uploads\/2024\/05\/P1055306-scaled.jpg\" \/>\n\t<meta property=\"og:image:width\" content=\"2560\" \/>\n\t<meta property=\"og:image:height\" content=\"1707\" \/>\n\t<meta property=\"og:image:type\" content=\"image\/jpeg\" \/>\n<meta name=\"twitter:card\" content=\"summary_large_image\" \/>\n<meta name=\"twitter:label1\" content=\"Tempo di lettura stimato\" \/>\n\t<meta name=\"twitter:data1\" content=\"10 minuti\" \/>\n<script type=\"application\/ld+json\" class=\"yoast-schema-graph\">{\"@context\":\"https:\/\/schema.org\",\"@graph\":[{\"@type\":\"WebPage\",\"@id\":\"https:\/\/riad-al-ansari.com\/it\/condizioni-generali-di-vendita\/\",\"url\":\"https:\/\/riad-al-ansari.com\/it\/condizioni-generali-di-vendita\/\",\"name\":\"Condizioni generali di vendita - Riad Al Ansari\",\"isPartOf\":{\"@id\":\"https:\/\/riad-al-ansari.com\/it\/#website\"},\"datePublished\":\"2019-10-25T15:32:19+00:00\",\"dateModified\":\"2022-09-05T22:38:57+00:00\",\"breadcrumb\":{\"@id\":\"https:\/\/riad-al-ansari.com\/it\/condizioni-generali-di-vendita\/#breadcrumb\"},\"inLanguage\":\"it-IT\",\"potentialAction\":[{\"@type\":\"ReadAction\",\"target\":[\"https:\/\/riad-al-ansari.com\/it\/condizioni-generali-di-vendita\/\"]}]},{\"@type\":\"BreadcrumbList\",\"@id\":\"https:\/\/riad-al-ansari.com\/it\/condizioni-generali-di-vendita\/#breadcrumb\",\"itemListElement\":[{\"@type\":\"ListItem\",\"position\":1,\"name\":\"Accueil\",\"item\":\"https:\/\/riad-al-ansari.com\/it\/\"},{\"@type\":\"ListItem\",\"position\":2,\"name\":\"Condizioni generali di vendita\"}]},{\"@type\":\"WebSite\",\"@id\":\"https:\/\/riad-al-ansari.com\/it\/#website\",\"url\":\"https:\/\/riad-al-ansari.com\/it\/\",\"name\":\"Riad Al Ansari\",\"description\":\"Discover the city of F\u00e8s and enjoy the charm of this several centuries old ryad.\",\"publisher\":{\"@id\":\"https:\/\/riad-al-ansari.com\/it\/#organization\"},\"potentialAction\":[{\"@type\":\"SearchAction\",\"target\":{\"@type\":\"EntryPoint\",\"urlTemplate\":\"https:\/\/riad-al-ansari.com\/it\/?s={search_term_string}\"},\"query-input\":{\"@type\":\"PropertyValueSpecification\",\"valueRequired\":true,\"valueName\":\"search_term_string\"}}],\"inLanguage\":\"it-IT\"},{\"@type\":\"Organization\",\"@id\":\"https:\/\/riad-al-ansari.com\/it\/#organization\",\"name\":\"Riad Al Ansari\",\"url\":\"https:\/\/riad-al-ansari.com\/it\/\",\"logo\":{\"@type\":\"ImageObject\",\"inLanguage\":\"it-IT\",\"@id\":\"https:\/\/riad-al-ansari.com\/it\/#\/schema\/logo\/image\/\",\"url\":\"https:\/\/riad-al-ansari.com\/wp-content\/uploads\/2021\/07\/Logo-header-blanc.png\",\"contentUrl\":\"https:\/\/riad-al-ansari.com\/wp-content\/uploads\/2021\/07\/Logo-header-blanc.png\",\"width\":60,\"height\":60,\"caption\":\"Riad Al Ansari\"},\"image\":{\"@id\":\"https:\/\/riad-al-ansari.com\/it\/#\/schema\/logo\/image\/\"}}]}<\/script>\n<!-- \/ Yoast SEO plugin. -->","yoast_head_json":{"title":"Condizioni generali di vendita - Riad Al Ansari","robots":{"index":"noindex","follow":"nofollow"},"og_locale":"it_IT","og_type":"article","og_title":"Condizioni generali di vendita - Riad Al Ansari","og_description":"Le presenti condizioni generali definiscono i diritti e gli obblighi delle parti in relazione alla prenotazione a distanza dei servizi proposti dal nostro stabilimento i cui dettagli sono specificati nel presente documento di conferma della prenotazione. Esse regolano tutte le fasi necessarie per la prenotazione e il seguito della stessa tra le parti contraenti. Il [&hellip;]","og_url":"https:\/\/riad-al-ansari.com\/it\/condizioni-generali-di-vendita\/","og_site_name":"Riad Al Ansari","article_modified_time":"2022-09-05T22:38:57+00:00","og_image":[{"width":2560,"height":1707,"url":"https:\/\/riad-al-ansari.com\/wp-content\/uploads\/2024\/05\/P1055306-scaled.jpg","type":"image\/jpeg"}],"twitter_card":"summary_large_image","twitter_misc":{"Tempo di lettura stimato":"10 minuti"},"schema":{"@context":"https:\/\/schema.org","@graph":[{"@type":"WebPage","@id":"https:\/\/riad-al-ansari.com\/it\/condizioni-generali-di-vendita\/","url":"https:\/\/riad-al-ansari.com\/it\/condizioni-generali-di-vendita\/","name":"Condizioni generali di vendita - Riad Al Ansari","isPartOf":{"@id":"https:\/\/riad-al-ansari.com\/it\/#website"},"datePublished":"2019-10-25T15:32:19+00:00","dateModified":"2022-09-05T22:38:57+00:00","breadcrumb":{"@id":"https:\/\/riad-al-ansari.com\/it\/condizioni-generali-di-vendita\/#breadcrumb"},"inLanguage":"it-IT","potentialAction":[{"@type":"ReadAction","target":["https:\/\/riad-al-ansari.com\/it\/condizioni-generali-di-vendita\/"]}]},{"@type":"BreadcrumbList","@id":"https:\/\/riad-al-ansari.com\/it\/condizioni-generali-di-vendita\/#breadcrumb","itemListElement":[{"@type":"ListItem","position":1,"name":"Accueil","item":"https:\/\/riad-al-ansari.com\/it\/"},{"@type":"ListItem","position":2,"name":"Condizioni generali di vendita"}]},{"@type":"WebSite","@id":"https:\/\/riad-al-ansari.com\/it\/#website","url":"https:\/\/riad-al-ansari.com\/it\/","name":"Riad Al Ansari","description":"Discover the city of F\u00e8s and enjoy the charm of this several centuries old ryad.","publisher":{"@id":"https:\/\/riad-al-ansari.com\/it\/#organization"},"potentialAction":[{"@type":"SearchAction","target":{"@type":"EntryPoint","urlTemplate":"https:\/\/riad-al-ansari.com\/it\/?s={search_term_string}"},"query-input":{"@type":"PropertyValueSpecification","valueRequired":true,"valueName":"search_term_string"}}],"inLanguage":"it-IT"},{"@type":"Organization","@id":"https:\/\/riad-al-ansari.com\/it\/#organization","name":"Riad Al Ansari","url":"https:\/\/riad-al-ansari.com\/it\/","logo":{"@type":"ImageObject","inLanguage":"it-IT","@id":"https:\/\/riad-al-ansari.com\/it\/#\/schema\/logo\/image\/","url":"https:\/\/riad-al-ansari.com\/wp-content\/uploads\/2021\/07\/Logo-header-blanc.png","contentUrl":"https:\/\/riad-al-ansari.com\/wp-content\/uploads\/2021\/07\/Logo-header-blanc.png","width":60,"height":60,"caption":"Riad Al Ansari"},"image":{"@id":"https:\/\/riad-al-ansari.com\/it\/#\/schema\/logo\/image\/"}}]}},"_links":{"self":[{"href":"https:\/\/riad-al-ansari.com\/it\/wp-json\/wp\/v2\/pages\/5301","targetHints":{"allow":["GET"]}}],"collection":[{"href":"https:\/\/riad-al-ansari.com\/it\/wp-json\/wp\/v2\/pages"}],"about":[{"href":"https:\/\/riad-al-ansari.com\/it\/wp-json\/wp\/v2\/types\/page"}],"author":[{"embeddable":true,"href":"https:\/\/riad-al-ansari.com\/it\/wp-json\/wp\/v2\/users\/1"}],"replies":[{"embeddable":true,"href":"https:\/\/riad-al-ansari.com\/it\/wp-json\/wp\/v2\/comments?post=5301"}],"version-history":[{"count":0,"href":"https:\/\/riad-al-ansari.com\/it\/wp-json\/wp\/v2\/pages\/5301\/revisions"}],"wp:attachment":[{"href":"https:\/\/riad-al-ansari.com\/it\/wp-json\/wp\/v2\/media?parent=5301"}],"curies":[{"name":"wp","href":"https:\/\/api.w.org\/{rel}","templated":true}]}}