{"id":5240,"date":"2019-10-22T09:45:05","date_gmt":"2019-10-22T08:45:05","guid":{"rendered":"\/biscotti\/"},"modified":"2022-09-05T23:38:45","modified_gmt":"2022-09-05T22:38:45","slug":"biscotti","status":"publish","type":"page","link":"https:\/\/riad-al-ansari.com\/it\/biscotti\/","title":{"rendered":"Biscotti"},"content":{"rendered":"\n<h2 class=\"wp-block-heading\">I cookie e i loro vantaggi<\/h2>\n\n<p>Il nostro sito web <a href=\"\/it\/\">riad-al-ansari.com<\/a> utilizza i cookie, come quasi tutti i siti web, per aiutarvi a fornire la migliore esperienza possibile. I cookie sono piccoli file di testo che vengono inseriti nel computer o nel telefono cellulare quando si naviga su siti web.<br\/><br\/>I nostri cookie ci aiutano a:<\/p>\n\n<ul class=\"wp-block-list\"><li>Far funzionare il nostro sito web come ci si aspetta<\/li><li>Ricordare le impostazioni durante e tra le visite<\/li><li>Migliorare la velocit\u00e0\/sicurezza del sito<\/li><li>Consentono di condividere le pagine con i social network come Facebook<\/li><li>Migliorare continuamente il nostro sito web per voi<\/li><li>Rendere pi\u00f9 efficiente il nostro marketing, aiutandoci cos\u00ec a continuare a offrire le informazioni gratuite di questo sito, a migliorare i prodotti a pagamento che offriamo e a sviluppare nuovi prodotti.<\/li><\/ul>\n<p>Non utilizziamo i cookie per:<\/p>\n\n<ul class=\"wp-block-list\"><li>raccogliere informazioni di identificazione personale (senza il vostro esplicito consenso)<\/li><li>raccogliere informazioni sensibili (senza il vostro esplicito consenso)<\/li><li>Trasmettere dati di identificazione personale a terzi<\/li><li>Pagare le commissioni di vendita<br\/><\/li><\/ul>\n<p>Di seguito \u00e8 possibile conoscere meglio i cookie che utilizziamo.<\/p>\n\n<div style=\"height:42px\" aria-hidden=\"true\" class=\"wp-block-spacer\"><\/div>\n\n<h2 class=\"wp-block-heading\">Autorizzazione all&#8217;uso dei cookie<\/h2>\n\n<p>Se le impostazioni del software che utilizzate per visualizzare questo sito web (ad esempio, il vostro browser) sono impostate in modo da accettare i cookie, riteniamo che questo, e l&#8217;uso che continuate a fare del nostro sito web, significhi che siete d&#8217;accordo.<\/p>\n\n<p>Inoltre, alla prima visita viene visualizzata una finestra pop-up in fondo alla pagina, che informa l&#8217;utente che i cookie sono in uso. Si pu\u00f2 scegliere di &#8220;accettare&#8221; o di cliccare su &#8220;saperne di pi\u00f9&#8221;, che porta a questa pagina e potrebbe essere il modo in cui si \u00e8 arrivati qui. Se si ignora la finestra a comparsa, questa scomparir\u00e0. Anche in questo caso, riteniamo che l&#8217;uso continuato di questo sito indichi il vostro consenso all&#8217;uso dei cookie.<br\/><br\/>Se desiderate rimuovere o non utilizzare i cookie dal nostro sito, potete apprendere come farlo qui di seguito; tuttavia, cos\u00ec facendo \u00e8 probabile che il nostro sito non funzioni come vi aspettereste.<\/p>\n\n<div style=\"height:42px\" aria-hidden=\"true\" class=\"wp-block-spacer\"><\/div>\n\n<h2 class=\"wp-block-heading\">Per saperne di pi\u00f9 sui nostri cookie<\/h2>\n\n<h3 class=\"wp-block-heading\">I nostri cookie<\/h3>\n\n<p>Utilizziamo i cookie per far funzionare il nostro sito web, tra cui:<br\/><\/p>\n\n<ul class=\"wp-block-list\"><li>Far funzionare l&#8217;imbuto di prenotazione e il checkout<\/li><li>Come far funzionare i filtri di ricerca<\/li><li>Ricordare se vi abbiamo gi\u00e0 posto determinate domande (ad esempio, se vi siete iscritti alla nostra newsletter).<\/li><li>Non c&#8217;\u00e8 modo di impedire l&#8217;impostazione di questi cookie, se non quello di non utilizzare il nostro sito.<\/li><\/ul>\n<div style=\"height:42px\" aria-hidden=\"true\" class=\"wp-block-spacer\"><\/div>\n\n<h3 class=\"wp-block-heading\">Funzioni di terze parti<\/h3>\n\n<p>Il nostro sito, come la maggior parte dei siti web, include funzionalit\u00e0 fornite da terzi. Possiamo utilizzare video YouTube incorporati. Il nostro sito include i seguenti siti che utilizzano cookie: 2Checkout.com, PayPal e Mailchimp.<br\/><br\/>La disabilitazione di questi cookie potrebbe interrompere le funzioni offerte da queste terze parti.<\/p>\n\n<div style=\"height:42px\" aria-hidden=\"true\" class=\"wp-block-spacer\"><\/div>\n\n<h3 class=\"wp-block-heading\">Cookie per le statistiche dei visitatori<\/h3>\n\n<p>Utilizziamo i cookie per compilare statistiche sui visitatori, come ad esempio il numero di persone che hanno visitato il nostro sito web, il tipo di tecnologia utilizzata (ad esempio Mac o Windows, che ci aiuta a identificare quando il nostro sito non funziona come dovrebbe per determinate tecnologie), il tempo trascorso sul sito, la pagina visitata, ecc. Questo ci aiuta a migliorare continuamente il nostro sito web. Questi programmi cosiddetti &#8220;analitici&#8221; ci dicono anche come le persone hanno raggiunto questo sito (ad esempio da un motore di ricerca) e se sono gi\u00e0 state qui in precedenza, aiutandoci a concentrare le nostre risorse in modo pi\u00f9 efficace nello sviluppo del nostro sito web e dei prodotti per voi.<br\/>Sul nostro sito utilizziamo Google Analytics.<\/p>\n\n<div style=\"height:42px\" aria-hidden=\"true\" class=\"wp-block-spacer\"><\/div>\n\n<h3 class=\"wp-block-heading\">Disattivare i cookie<\/h3>\n\n<p>Di solito \u00e8 possibile disattivare i cookie modificando le impostazioni del browser per impedirgli di accettarli (per sapere come fare, cliccate qui). Tuttavia, questo limiter\u00e0 probabilmente la funzionalit\u00e0 del nostro sito web e di gran parte dei siti web del mondo, poich\u00e9 i cookie sono una parte standard della maggior parte dei siti web moderni.<br\/><br\/>\u00c8 possibile che le vostre preoccupazioni sui cookie riguardino il cosiddetto &#8220;spyware&#8221;. Piuttosto che disattivare i cookie nel browser, il software anti-spyware pu\u00f2 raggiungere lo stesso obiettivo eliminando automaticamente i cookie considerati invasivi. Ulteriori informazioni sulla <a href=\"http:\/\/www.attacat.co.uk\/resources\/cookies\/how-to-control-your-online-privacy\" target=\"_blank\" rel=\"noreferrer noopener\" aria-label=\" (opens in a new tab)\">gestione dei cookie con il software antispyware<\/a>.<\/p>\n","protected":false},"excerpt":{"rendered":"<p>I cookie e i loro vantaggi Il nostro sito web riad-al-ansari.com utilizza i cookie, come quasi tutti i siti web, per aiutarvi a fornire la migliore esperienza possibile. I cookie sono piccoli file di testo che vengono inseriti nel computer o nel telefono cellulare quando si naviga su siti web. I nostri cookie ci aiutano [&hellip;]<\/p>\n","protected":false},"author":1,"featured_media":0,"parent":0,"menu_order":0,"comment_status":"closed","ping_status":"closed","template":"","meta":{"inline_featured_image":false,"footnotes":""},"class_list":["post-5240","page","type-page","status-publish","hentry"],"yoast_head":"<!-- This site is optimized with the Yoast SEO plugin v27.0 - https:\/\/yoast.com\/product\/yoast-seo-wordpress\/ -->\n<title>Biscotti - Riad Al Ansari<\/title>\n<meta name=\"robots\" content=\"noindex, nofollow\" \/>\n<meta property=\"og:locale\" content=\"it_IT\" \/>\n<meta property=\"og:type\" content=\"article\" \/>\n<meta property=\"og:title\" content=\"Biscotti - Riad Al Ansari\" \/>\n<meta property=\"og:description\" content=\"I cookie e i loro vantaggi Il nostro sito web riad-al-ansari.com utilizza i cookie, come quasi tutti i siti web, per aiutarvi a fornire la migliore esperienza possibile. I cookie sono piccoli file di testo che vengono inseriti nel computer o nel telefono cellulare quando si naviga su siti web. I nostri cookie ci aiutano [&hellip;]\" \/>\n<meta property=\"og:url\" content=\"https:\/\/riad-al-ansari.com\/it\/biscotti\/\" \/>\n<meta property=\"og:site_name\" content=\"Riad Al Ansari\" \/>\n<meta property=\"article:modified_time\" content=\"2022-09-05T22:38:45+00:00\" \/>\n<meta property=\"og:image\" content=\"https:\/\/riad-al-ansari.com\/wp-content\/uploads\/2024\/05\/P1055306-scaled.jpg\" \/>\n\t<meta property=\"og:image:width\" content=\"2560\" \/>\n\t<meta property=\"og:image:height\" content=\"1707\" \/>\n\t<meta property=\"og:image:type\" content=\"image\/jpeg\" \/>\n<meta name=\"twitter:card\" content=\"summary_large_image\" \/>\n<meta name=\"twitter:label1\" content=\"Tempo di lettura stimato\" \/>\n\t<meta name=\"twitter:data1\" content=\"3 minuti\" \/>\n<script type=\"application\/ld+json\" class=\"yoast-schema-graph\">{\"@context\":\"https:\/\/schema.org\",\"@graph\":[{\"@type\":\"WebPage\",\"@id\":\"https:\/\/riad-al-ansari.com\/it\/biscotti\/\",\"url\":\"https:\/\/riad-al-ansari.com\/it\/biscotti\/\",\"name\":\"Biscotti - Riad Al Ansari\",\"isPartOf\":{\"@id\":\"https:\/\/riad-al-ansari.com\/it\/#website\"},\"datePublished\":\"2019-10-22T08:45:05+00:00\",\"dateModified\":\"2022-09-05T22:38:45+00:00\",\"breadcrumb\":{\"@id\":\"https:\/\/riad-al-ansari.com\/it\/biscotti\/#breadcrumb\"},\"inLanguage\":\"it-IT\",\"potentialAction\":[{\"@type\":\"ReadAction\",\"target\":[\"https:\/\/riad-al-ansari.com\/it\/biscotti\/\"]}]},{\"@type\":\"BreadcrumbList\",\"@id\":\"https:\/\/riad-al-ansari.com\/it\/biscotti\/#breadcrumb\",\"itemListElement\":[{\"@type\":\"ListItem\",\"position\":1,\"name\":\"Accueil\",\"item\":\"https:\/\/riad-al-ansari.com\/it\/\"},{\"@type\":\"ListItem\",\"position\":2,\"name\":\"Biscotti\"}]},{\"@type\":\"WebSite\",\"@id\":\"https:\/\/riad-al-ansari.com\/it\/#website\",\"url\":\"https:\/\/riad-al-ansari.com\/it\/\",\"name\":\"Riad Al Ansari\",\"description\":\"Discover the city of F\u00e8s and enjoy the charm of this several centuries old ryad.\",\"publisher\":{\"@id\":\"https:\/\/riad-al-ansari.com\/it\/#organization\"},\"potentialAction\":[{\"@type\":\"SearchAction\",\"target\":{\"@type\":\"EntryPoint\",\"urlTemplate\":\"https:\/\/riad-al-ansari.com\/it\/?s={search_term_string}\"},\"query-input\":{\"@type\":\"PropertyValueSpecification\",\"valueRequired\":true,\"valueName\":\"search_term_string\"}}],\"inLanguage\":\"it-IT\"},{\"@type\":\"Organization\",\"@id\":\"https:\/\/riad-al-ansari.com\/it\/#organization\",\"name\":\"Riad Al Ansari\",\"url\":\"https:\/\/riad-al-ansari.com\/it\/\",\"logo\":{\"@type\":\"ImageObject\",\"inLanguage\":\"it-IT\",\"@id\":\"https:\/\/riad-al-ansari.com\/it\/#\/schema\/logo\/image\/\",\"url\":\"https:\/\/riad-al-ansari.com\/wp-content\/uploads\/2021\/07\/Logo-header-blanc.png\",\"contentUrl\":\"https:\/\/riad-al-ansari.com\/wp-content\/uploads\/2021\/07\/Logo-header-blanc.png\",\"width\":60,\"height\":60,\"caption\":\"Riad Al Ansari\"},\"image\":{\"@id\":\"https:\/\/riad-al-ansari.com\/it\/#\/schema\/logo\/image\/\"}}]}<\/script>\n<!-- \/ Yoast SEO plugin. -->","yoast_head_json":{"title":"Biscotti - Riad Al Ansari","robots":{"index":"noindex","follow":"nofollow"},"og_locale":"it_IT","og_type":"article","og_title":"Biscotti - Riad Al Ansari","og_description":"I cookie e i loro vantaggi Il nostro sito web riad-al-ansari.com utilizza i cookie, come quasi tutti i siti web, per aiutarvi a fornire la migliore esperienza possibile. I cookie sono piccoli file di testo che vengono inseriti nel computer o nel telefono cellulare quando si naviga su siti web. I nostri cookie ci aiutano [&hellip;]","og_url":"https:\/\/riad-al-ansari.com\/it\/biscotti\/","og_site_name":"Riad Al Ansari","article_modified_time":"2022-09-05T22:38:45+00:00","og_image":[{"width":2560,"height":1707,"url":"https:\/\/riad-al-ansari.com\/wp-content\/uploads\/2024\/05\/P1055306-scaled.jpg","type":"image\/jpeg"}],"twitter_card":"summary_large_image","twitter_misc":{"Tempo di lettura stimato":"3 minuti"},"schema":{"@context":"https:\/\/schema.org","@graph":[{"@type":"WebPage","@id":"https:\/\/riad-al-ansari.com\/it\/biscotti\/","url":"https:\/\/riad-al-ansari.com\/it\/biscotti\/","name":"Biscotti - Riad Al Ansari","isPartOf":{"@id":"https:\/\/riad-al-ansari.com\/it\/#website"},"datePublished":"2019-10-22T08:45:05+00:00","dateModified":"2022-09-05T22:38:45+00:00","breadcrumb":{"@id":"https:\/\/riad-al-ansari.com\/it\/biscotti\/#breadcrumb"},"inLanguage":"it-IT","potentialAction":[{"@type":"ReadAction","target":["https:\/\/riad-al-ansari.com\/it\/biscotti\/"]}]},{"@type":"BreadcrumbList","@id":"https:\/\/riad-al-ansari.com\/it\/biscotti\/#breadcrumb","itemListElement":[{"@type":"ListItem","position":1,"name":"Accueil","item":"https:\/\/riad-al-ansari.com\/it\/"},{"@type":"ListItem","position":2,"name":"Biscotti"}]},{"@type":"WebSite","@id":"https:\/\/riad-al-ansari.com\/it\/#website","url":"https:\/\/riad-al-ansari.com\/it\/","name":"Riad Al Ansari","description":"Discover the city of F\u00e8s and enjoy the charm of this several centuries old ryad.","publisher":{"@id":"https:\/\/riad-al-ansari.com\/it\/#organization"},"potentialAction":[{"@type":"SearchAction","target":{"@type":"EntryPoint","urlTemplate":"https:\/\/riad-al-ansari.com\/it\/?s={search_term_string}"},"query-input":{"@type":"PropertyValueSpecification","valueRequired":true,"valueName":"search_term_string"}}],"inLanguage":"it-IT"},{"@type":"Organization","@id":"https:\/\/riad-al-ansari.com\/it\/#organization","name":"Riad Al Ansari","url":"https:\/\/riad-al-ansari.com\/it\/","logo":{"@type":"ImageObject","inLanguage":"it-IT","@id":"https:\/\/riad-al-ansari.com\/it\/#\/schema\/logo\/image\/","url":"https:\/\/riad-al-ansari.com\/wp-content\/uploads\/2021\/07\/Logo-header-blanc.png","contentUrl":"https:\/\/riad-al-ansari.com\/wp-content\/uploads\/2021\/07\/Logo-header-blanc.png","width":60,"height":60,"caption":"Riad Al Ansari"},"image":{"@id":"https:\/\/riad-al-ansari.com\/it\/#\/schema\/logo\/image\/"}}]}},"_links":{"self":[{"href":"https:\/\/riad-al-ansari.com\/it\/wp-json\/wp\/v2\/pages\/5240","targetHints":{"allow":["GET"]}}],"collection":[{"href":"https:\/\/riad-al-ansari.com\/it\/wp-json\/wp\/v2\/pages"}],"about":[{"href":"https:\/\/riad-al-ansari.com\/it\/wp-json\/wp\/v2\/types\/page"}],"author":[{"embeddable":true,"href":"https:\/\/riad-al-ansari.com\/it\/wp-json\/wp\/v2\/users\/1"}],"replies":[{"embeddable":true,"href":"https:\/\/riad-al-ansari.com\/it\/wp-json\/wp\/v2\/comments?post=5240"}],"version-history":[{"count":0,"href":"https:\/\/riad-al-ansari.com\/it\/wp-json\/wp\/v2\/pages\/5240\/revisions"}],"wp:attachment":[{"href":"https:\/\/riad-al-ansari.com\/it\/wp-json\/wp\/v2\/media?parent=5240"}],"curies":[{"name":"wp","href":"https:\/\/api.w.org\/{rel}","templated":true}]}}