{"id":5244,"date":"2019-10-22T09:45:05","date_gmt":"2019-10-22T08:45:05","guid":{"rendered":"\/cookies\/"},"modified":"2022-09-05T23:38:45","modified_gmt":"2022-09-05T22:38:45","slug":"cookies","status":"publish","type":"page","link":"https:\/\/riad-al-ansari.com\/fr\/cookies\/","title":{"rendered":"Cookies"},"content":{"rendered":"\n<h2 class=\"wp-block-heading\">Les cookies et leurs avantages pour vous<\/h2>\n\n<p>Notre site web <a href=\"\/fr\/\">riad-al-ansari.com<\/a> utilise des cookies, comme presque tous les sites web, afin de vous offrir la meilleure exp\u00e9rience possible. Les cookies sont de petits fichiers texte qui sont plac\u00e9s sur votre ordinateur ou votre t\u00e9l\u00e9phone portable lorsque vous naviguez sur des sites web.<br\/><br\/>Nos cookies nous aident \u00e0 :<\/p>\n\n<ul class=\"wp-block-list\"><li>Faites en sorte que notre site Web fonctionne comme vous l&rsquo;attendez<\/li><li>M\u00e9moriser vos param\u00e8tres pendant et entre les visites<\/li><li>Am\u00e9liorer la vitesse\/s\u00e9curit\u00e9 du site<\/li><li>vous permettre de partager des pages avec des r\u00e9seaux sociaux comme Facebook<\/li><li>Am\u00e9liorer continuellement notre site web pour vous<\/li><li>rendre notre marketing plus efficace, ce qui nous permet de continuer \u00e0 offrir les informations gratuites sur ce site web, d&rsquo;am\u00e9liorer les produits payants que nous proposons et de d\u00e9velopper de nouveaux produits.<\/li><\/ul>\n<p>Nous n&rsquo;utilisons pas de cookies pour :<\/p>\n\n<ul class=\"wp-block-list\"><li>collecter des informations personnelles identifiables (sans votre autorisation expresse)<\/li><li>collecter des informations sensibles (sans votre autorisation expresse)<\/li><li>Transmettre des donn\u00e9es personnelles identifiables \u00e0 des tiers<\/li><li>Payer les commissions de vente<br\/><\/li><\/ul>\n<p>Vous pouvez en savoir plus sur les cookies que nous utilisons ci-dessous.<\/p>\n\n<div style=\"height:42px\" aria-hidden=\"true\" class=\"wp-block-spacer\"><\/div>\n\n<h2 class=\"wp-block-heading\">Nous accorder la permission d&rsquo;utiliser des cookies<\/h2>\n\n<p>Si les param\u00e8tres du logiciel que vous utilisez pour consulter ce site web (c&rsquo;est-\u00e0-dire votre navigateur) sont r\u00e9gl\u00e9s pour accepter les cookies, nous consid\u00e9rons que cela signifie que vous \u00eates d&rsquo;accord et que vous continuez \u00e0 utiliser notre site web.<\/p>\n\n<p>En outre, une fen\u00eatre contextuelle appara\u00eet au bas de la page lors de votre premi\u00e8re visite ; elle vous informe que des cookies sont utilis\u00e9s. Vous pouvez soit \u00ab\u00a0accepter\u00a0\u00bb, soit cliquer sur \u00ab\u00a0en savoir plus\u00a0\u00bb, ce qui vous am\u00e8ne \u00e0 cette page et peut \u00eatre la raison de votre arriv\u00e9e ici. Si vous ignorez la fen\u00eatre pop-up, elle finira par dispara\u00eetre. Une fois encore, nous consid\u00e9rons que votre utilisation continue de ce site indique que vous acceptez notre utilisation des cookies.<br\/><br\/>Si vous souhaitez supprimer ou ne pas utiliser les cookies de notre site, vous pouvez apprendre comment le faire ci-dessous ; toutefois, cela signifiera probablement que notre site ne fonctionnera pas comme vous le souhaitez.<\/p>\n\n<div style=\"height:42px\" aria-hidden=\"true\" class=\"wp-block-spacer\"><\/div>\n\n<h2 class=\"wp-block-heading\">En savoir plus sur nos cookies<\/h2>\n\n<h3 class=\"wp-block-heading\">Nos propres cookies<\/h3>\n\n<p>Nous utilisons des cookies pour faire fonctionner notre site web, notamment :<br\/><\/p>\n\n<ul class=\"wp-block-list\"><li>Faire fonctionner notre entonnoir de r\u00e9servation et notre caisse<\/li><li>Faire fonctionner vos filtres de recherche<\/li><li>Se souvenir si nous vous avons d\u00e9j\u00e0 pos\u00e9 certaines questions (par exemple, si vous vous \u00eates abonn\u00e9 \u00e0 notre bulletin d&rsquo;information).<\/li><li>Il n&rsquo;existe aucun moyen d&#8217;emp\u00eacher l&rsquo;installation de ces cookies, si ce n&rsquo;est de ne pas utiliser notre site.<\/li><\/ul>\n<div style=\"height:42px\" aria-hidden=\"true\" class=\"wp-block-spacer\"><\/div>\n\n<h3 class=\"wp-block-heading\">Fonctions de tiers<\/h3>\n\n<p>Notre site, comme la plupart des sites web, comprend des fonctionnalit\u00e9s fournies par des tiers. Nous pouvons utiliser des vid\u00e9os int\u00e9gr\u00e9es \u00e0 YouTube. Notre site comprend les \u00e9l\u00e9ments suivants qui utilisent des cookies : 2Checkout.com, PayPal et Mailchimp.<br\/><br\/>La d\u00e9sactivation de ces cookies entra\u00eenera probablement une rupture des fonctions offertes par ces tiers.<\/p>\n\n<div style=\"height:42px\" aria-hidden=\"true\" class=\"wp-block-spacer\"><\/div>\n\n<h3 class=\"wp-block-heading\">Cookies de statistiques sur les visiteurs<\/h3>\n\n<p>Nous utilisons les cookies pour compiler des statistiques sur les visiteurs, comme le nombre de personnes qui ont visit\u00e9 notre site web, le type de technologie qu&rsquo;elles utilisent (par exemple, Mac ou Windows, ce qui permet d&rsquo;identifier les cas o\u00f9 notre site ne fonctionne pas comme il le devrait pour certaines technologies), le temps qu&rsquo;elles passent sur le site, la page qu&rsquo;elles consultent, etc. Cela nous aide \u00e0 am\u00e9liorer continuellement notre site web. Ces programmes dits \u00ab\u00a0analytiques\u00a0\u00bb nous indiquent \u00e9galement comment les internautes ont atteint ce site (par exemple, \u00e0 partir d&rsquo;un moteur de recherche) et s&rsquo;ils y sont d\u00e9j\u00e0 venus, ce qui nous aide \u00e0 concentrer nos ressources de mani\u00e8re plus efficace pour d\u00e9velopper notre site web et nos produits pour vous.<br\/>Sur notre site, nous utilisons Google Analytics.<\/p>\n\n<div style=\"height:42px\" aria-hidden=\"true\" class=\"wp-block-spacer\"><\/div>\n\n<h3 class=\"wp-block-heading\">D\u00e9sactiver les cookies<\/h3>\n\n<p>Vous pouvez g\u00e9n\u00e9ralement d\u00e9sactiver les cookies en modifiant les param\u00e8tres de votre navigateur pour l&#8217;emp\u00eacher d&rsquo;accepter les cookies (voir ici). Cependant, cela limitera probablement la fonctionnalit\u00e9 de notre site web et d&rsquo;une grande partie des sites web du monde, car les cookies sont un \u00e9l\u00e9ment standard de la plupart des sites web modernes.<br\/><br\/>Il se peut que vos pr\u00e9occupations concernant les cookies soient li\u00e9es \u00e0 ce que l&rsquo;on appelle les \u00ab\u00a0logiciels espions\u00a0\u00bb. Plut\u00f4t que de d\u00e9sactiver les cookies dans votre navigateur, vous trouverez peut-\u00eatre qu&rsquo;un logiciel anti-spyware atteint le m\u00eame objectif en supprimant automatiquement les cookies consid\u00e9r\u00e9s comme envahissants. En savoir plus sur la <a href=\"http:\/\/www.attacat.co.uk\/resources\/cookies\/how-to-control-your-online-privacy\" target=\"_blank\" rel=\"noreferrer noopener\" aria-label=\" (opens in a new tab)\">gestion des cookies avec un logiciel anti-spyware<\/a>.<\/p>\n","protected":false},"excerpt":{"rendered":"<p>Les cookies et leurs avantages pour vous Notre site web riad-al-ansari.com utilise des cookies, comme presque tous les sites web, afin de vous offrir la meilleure exp\u00e9rience possible. Les cookies sont de petits fichiers texte qui sont plac\u00e9s sur votre ordinateur ou votre t\u00e9l\u00e9phone portable lorsque vous naviguez sur des sites web. Nos cookies nous [&hellip;]<\/p>\n","protected":false},"author":1,"featured_media":0,"parent":0,"menu_order":0,"comment_status":"closed","ping_status":"closed","template":"","meta":{"inline_featured_image":false,"footnotes":""},"class_list":["post-5244","page","type-page","status-publish","hentry"],"yoast_head":"<!-- This site is optimized with the Yoast SEO plugin v27.0 - https:\/\/yoast.com\/product\/yoast-seo-wordpress\/ -->\n<title>Cookies - Riad Al Ansari<\/title>\n<meta name=\"robots\" content=\"noindex, nofollow\" \/>\n<meta property=\"og:locale\" content=\"fr_FR\" \/>\n<meta property=\"og:type\" content=\"article\" \/>\n<meta property=\"og:title\" content=\"Cookies - Riad Al Ansari\" \/>\n<meta property=\"og:description\" content=\"Les cookies et leurs avantages pour vous Notre site web riad-al-ansari.com utilise des cookies, comme presque tous les sites web, afin de vous offrir la meilleure exp\u00e9rience possible. Les cookies sont de petits fichiers texte qui sont plac\u00e9s sur votre ordinateur ou votre t\u00e9l\u00e9phone portable lorsque vous naviguez sur des sites web. Nos cookies nous [&hellip;]\" \/>\n<meta property=\"og:url\" content=\"https:\/\/riad-al-ansari.com\/fr\/cookies\/\" \/>\n<meta property=\"og:site_name\" content=\"Riad Al Ansari\" \/>\n<meta property=\"article:modified_time\" content=\"2022-09-05T22:38:45+00:00\" \/>\n<meta property=\"og:image\" content=\"https:\/\/riad-al-ansari.com\/wp-content\/uploads\/2024\/05\/P1055306-scaled.jpg\" \/>\n\t<meta property=\"og:image:width\" content=\"2560\" \/>\n\t<meta property=\"og:image:height\" content=\"1707\" \/>\n\t<meta property=\"og:image:type\" content=\"image\/jpeg\" \/>\n<meta name=\"twitter:card\" content=\"summary_large_image\" \/>\n<meta name=\"twitter:label1\" content=\"Dur\u00e9e de lecture estim\u00e9e\" \/>\n\t<meta name=\"twitter:data1\" content=\"4 minutes\" \/>\n<script type=\"application\/ld+json\" class=\"yoast-schema-graph\">{\"@context\":\"https:\/\/schema.org\",\"@graph\":[{\"@type\":\"WebPage\",\"@id\":\"https:\/\/riad-al-ansari.com\/fr\/cookies\/\",\"url\":\"https:\/\/riad-al-ansari.com\/fr\/cookies\/\",\"name\":\"Cookies - Riad Al Ansari\",\"isPartOf\":{\"@id\":\"https:\/\/riad-al-ansari.com\/fr\/#website\"},\"datePublished\":\"2019-10-22T08:45:05+00:00\",\"dateModified\":\"2022-09-05T22:38:45+00:00\",\"breadcrumb\":{\"@id\":\"https:\/\/riad-al-ansari.com\/fr\/cookies\/#breadcrumb\"},\"inLanguage\":\"fr-FR\",\"potentialAction\":[{\"@type\":\"ReadAction\",\"target\":[\"https:\/\/riad-al-ansari.com\/fr\/cookies\/\"]}]},{\"@type\":\"BreadcrumbList\",\"@id\":\"https:\/\/riad-al-ansari.com\/fr\/cookies\/#breadcrumb\",\"itemListElement\":[{\"@type\":\"ListItem\",\"position\":1,\"name\":\"Accueil\",\"item\":\"https:\/\/riad-al-ansari.com\/fr\/\"},{\"@type\":\"ListItem\",\"position\":2,\"name\":\"Cookies\"}]},{\"@type\":\"WebSite\",\"@id\":\"https:\/\/riad-al-ansari.com\/fr\/#website\",\"url\":\"https:\/\/riad-al-ansari.com\/fr\/\",\"name\":\"Riad Al Ansari\",\"description\":\"Discover the city of F\u00e8s and enjoy the charm of this several centuries old ryad.\",\"publisher\":{\"@id\":\"https:\/\/riad-al-ansari.com\/fr\/#organization\"},\"potentialAction\":[{\"@type\":\"SearchAction\",\"target\":{\"@type\":\"EntryPoint\",\"urlTemplate\":\"https:\/\/riad-al-ansari.com\/fr\/?s={search_term_string}\"},\"query-input\":{\"@type\":\"PropertyValueSpecification\",\"valueRequired\":true,\"valueName\":\"search_term_string\"}}],\"inLanguage\":\"fr-FR\"},{\"@type\":\"Organization\",\"@id\":\"https:\/\/riad-al-ansari.com\/fr\/#organization\",\"name\":\"Riad Al Ansari\",\"url\":\"https:\/\/riad-al-ansari.com\/fr\/\",\"logo\":{\"@type\":\"ImageObject\",\"inLanguage\":\"fr-FR\",\"@id\":\"https:\/\/riad-al-ansari.com\/fr\/#\/schema\/logo\/image\/\",\"url\":\"https:\/\/riad-al-ansari.com\/wp-content\/uploads\/2021\/07\/Logo-header-blanc.png\",\"contentUrl\":\"https:\/\/riad-al-ansari.com\/wp-content\/uploads\/2021\/07\/Logo-header-blanc.png\",\"width\":60,\"height\":60,\"caption\":\"Riad Al Ansari\"},\"image\":{\"@id\":\"https:\/\/riad-al-ansari.com\/fr\/#\/schema\/logo\/image\/\"}}]}<\/script>\n<!-- \/ Yoast SEO plugin. -->","yoast_head_json":{"title":"Cookies - Riad Al Ansari","robots":{"index":"noindex","follow":"nofollow"},"og_locale":"fr_FR","og_type":"article","og_title":"Cookies - Riad Al Ansari","og_description":"Les cookies et leurs avantages pour vous Notre site web riad-al-ansari.com utilise des cookies, comme presque tous les sites web, afin de vous offrir la meilleure exp\u00e9rience possible. Les cookies sont de petits fichiers texte qui sont plac\u00e9s sur votre ordinateur ou votre t\u00e9l\u00e9phone portable lorsque vous naviguez sur des sites web. Nos cookies nous [&hellip;]","og_url":"https:\/\/riad-al-ansari.com\/fr\/cookies\/","og_site_name":"Riad Al Ansari","article_modified_time":"2022-09-05T22:38:45+00:00","og_image":[{"width":2560,"height":1707,"url":"https:\/\/riad-al-ansari.com\/wp-content\/uploads\/2024\/05\/P1055306-scaled.jpg","type":"image\/jpeg"}],"twitter_card":"summary_large_image","twitter_misc":{"Dur\u00e9e de lecture estim\u00e9e":"4 minutes"},"schema":{"@context":"https:\/\/schema.org","@graph":[{"@type":"WebPage","@id":"https:\/\/riad-al-ansari.com\/fr\/cookies\/","url":"https:\/\/riad-al-ansari.com\/fr\/cookies\/","name":"Cookies - Riad Al Ansari","isPartOf":{"@id":"https:\/\/riad-al-ansari.com\/fr\/#website"},"datePublished":"2019-10-22T08:45:05+00:00","dateModified":"2022-09-05T22:38:45+00:00","breadcrumb":{"@id":"https:\/\/riad-al-ansari.com\/fr\/cookies\/#breadcrumb"},"inLanguage":"fr-FR","potentialAction":[{"@type":"ReadAction","target":["https:\/\/riad-al-ansari.com\/fr\/cookies\/"]}]},{"@type":"BreadcrumbList","@id":"https:\/\/riad-al-ansari.com\/fr\/cookies\/#breadcrumb","itemListElement":[{"@type":"ListItem","position":1,"name":"Accueil","item":"https:\/\/riad-al-ansari.com\/fr\/"},{"@type":"ListItem","position":2,"name":"Cookies"}]},{"@type":"WebSite","@id":"https:\/\/riad-al-ansari.com\/fr\/#website","url":"https:\/\/riad-al-ansari.com\/fr\/","name":"Riad Al Ansari","description":"Discover the city of F\u00e8s and enjoy the charm of this several centuries old ryad.","publisher":{"@id":"https:\/\/riad-al-ansari.com\/fr\/#organization"},"potentialAction":[{"@type":"SearchAction","target":{"@type":"EntryPoint","urlTemplate":"https:\/\/riad-al-ansari.com\/fr\/?s={search_term_string}"},"query-input":{"@type":"PropertyValueSpecification","valueRequired":true,"valueName":"search_term_string"}}],"inLanguage":"fr-FR"},{"@type":"Organization","@id":"https:\/\/riad-al-ansari.com\/fr\/#organization","name":"Riad Al Ansari","url":"https:\/\/riad-al-ansari.com\/fr\/","logo":{"@type":"ImageObject","inLanguage":"fr-FR","@id":"https:\/\/riad-al-ansari.com\/fr\/#\/schema\/logo\/image\/","url":"https:\/\/riad-al-ansari.com\/wp-content\/uploads\/2021\/07\/Logo-header-blanc.png","contentUrl":"https:\/\/riad-al-ansari.com\/wp-content\/uploads\/2021\/07\/Logo-header-blanc.png","width":60,"height":60,"caption":"Riad Al Ansari"},"image":{"@id":"https:\/\/riad-al-ansari.com\/fr\/#\/schema\/logo\/image\/"}}]}},"_links":{"self":[{"href":"https:\/\/riad-al-ansari.com\/fr\/wp-json\/wp\/v2\/pages\/5244","targetHints":{"allow":["GET"]}}],"collection":[{"href":"https:\/\/riad-al-ansari.com\/fr\/wp-json\/wp\/v2\/pages"}],"about":[{"href":"https:\/\/riad-al-ansari.com\/fr\/wp-json\/wp\/v2\/types\/page"}],"author":[{"embeddable":true,"href":"https:\/\/riad-al-ansari.com\/fr\/wp-json\/wp\/v2\/users\/1"}],"replies":[{"embeddable":true,"href":"https:\/\/riad-al-ansari.com\/fr\/wp-json\/wp\/v2\/comments?post=5244"}],"version-history":[{"count":0,"href":"https:\/\/riad-al-ansari.com\/fr\/wp-json\/wp\/v2\/pages\/5244\/revisions"}],"wp:attachment":[{"href":"https:\/\/riad-al-ansari.com\/fr\/wp-json\/wp\/v2\/media?parent=5244"}],"curies":[{"name":"wp","href":"https:\/\/api.w.org\/{rel}","templated":true}]}}