{"id":5229,"date":"2019-07-11T13:57:30","date_gmt":"2019-07-11T12:57:30","guid":{"rendered":"\/nous-contacter\/"},"modified":"2023-04-26T07:18:44","modified_gmt":"2023-04-26T07:18:44","slug":"nous-contacter","status":"publish","type":"page","link":"https:\/\/riad-al-ansari.com\/fr\/nous-contacter\/","title":{"rendered":"Nous contacter"},"content":{"rendered":"\n<div class=\"wp-block-getwid-section alignwide alignwide getwid-section-content-full-width\"><div class=\"wp-block-getwid-section__wrapper\"><div class=\"wp-block-getwid-section__inner-wrapper\"><div class=\"wp-block-getwid-section__background-holder\"><div class=\"wp-block-getwid-section__background\"><\/div><div class=\"wp-block-getwid-section__foreground\"><\/div><\/div><div class=\"wp-block-getwid-section__content\"><div class=\"wp-block-getwid-section__inner-content\">\n<div class=\"wp-block-columns is-layout-flex wp-container-core-columns-is-layout-9d6595d7 wp-block-columns-is-layout-flex\">\n<div class=\"wp-block-column is-layout-flow wp-block-column-is-layout-flow\">\n<div class=\"wp-block-getwid-advanced-heading\" style=\"margin-bottom:20px\"><h4 class=\"wp-block-getwid-advanced-heading__content\" style=\"text-align:center\">Notre emplacement<\/h4><\/div>\n\n\n\n<div class=\"wp-block-getwid-icon-box has-text-center\"><div style=\"margin-top:7px;margin-right:15px\" class=\"wp-block-getwid-icon-box__icon-container is-position-top\"><div class=\"wp-block-getwid-icon-box__icon-wrapper has-text-color has-gold-color\" style=\"font-size:20px;padding:0px\"><i class=\"fas fa-map-marker-alt\"><\/i><\/div><\/div><div class=\"wp-block-getwid-icon-box__content\">\n<p class=\"has-text-align-center\">21 Derb El Miter, A\u00efn Azliten<br\/>Talaa Kabiraa<br\/>F\u00e8s 30110, Maroc<br\/><a href=\"#\">voir sur la carte<\/a><\/p>\n<\/div><\/div>\n<\/div>\n\n\n\n<div class=\"wp-block-column is-layout-flow wp-block-column-is-layout-flow\">\n<div class=\"wp-block-getwid-advanced-heading\" style=\"margin-bottom:20px\"><h4 class=\"wp-block-getwid-advanced-heading__content\" style=\"text-align:center\">T\u00e9l\u00e9phones de la r\u00e9ception<\/h4><\/div>\n\n\n\n<div class=\"wp-block-getwid-icon-box has-text-center\"><div style=\"margin-top:7px;margin-bottom:0px;margin-right:15px\" class=\"wp-block-getwid-icon-box__icon-container is-position-top\"><div class=\"wp-block-getwid-icon-box__icon-wrapper has-text-color has-gold-color\" style=\"font-size:1.5em;padding:0px\"><i class=\"fas fa-phone\"><\/i><\/div><\/div><div class=\"wp-block-getwid-icon-box__content\">\n<p class=\"has-text-align-center\"><a href=\"tel:+212535638396\">+212 535 63 83 96<\/a><\/p>\n<\/div><\/div>\n\n\n\n<div class=\"wp-block-getwid-icon-box has-text-center\"><div style=\"margin-top:7px;margin-bottom:0px;margin-right:15px\" class=\"wp-block-getwid-icon-box__icon-container is-position-top\"><div class=\"wp-block-getwid-icon-box__icon-wrapper has-text-color\" style=\"font-size:1.5em;padding:0px;color:#4fa340\"><i class=\"fab fa-whatsapp\"><\/i><\/div><\/div><div class=\"wp-block-getwid-icon-box__content\">\n<p class=\"has-text-align-center\"><a href=\"tel:+212662733445\">+212 662 73 34 45<\/a><\/p>\n<\/div><\/div>\n<\/div>\n\n\n\n<div class=\"wp-block-column is-layout-flow wp-block-column-is-layout-flow\">\n<div class=\"wp-block-getwid-advanced-heading\" style=\"margin-bottom:20px\"><h4 class=\"wp-block-getwid-advanced-heading__content\" style=\"text-align:center\">Prenez contact avec nous<\/h4><\/div>\n\n\n\n<div class=\"wp-block-getwid-icon-box has-text-center\"><div style=\"margin-top:7px;margin-right:15px\" class=\"wp-block-getwid-icon-box__icon-container is-position-top\"><div class=\"wp-block-getwid-icon-box__icon-wrapper has-text-color has-gold-color\" style=\"font-size:20px;padding:0px\"><i class=\"fas fa-envelope\"><\/i><\/div><\/div><div class=\"wp-block-getwid-icon-box__content\">\n<p>Pour contacter notre \u00e9quipe par e-mail<\/p>\n\n\n\n<p>Envoyez un message \u00e0 l&rsquo;aide du <a href=\"#contact-form-anchor\">formulaire ci-dessous<\/a><\/p>\n\n\n\n<p>ou \u00e9crivez-nous directement \u00e0 <a href=\"mailto:reception@riad-al-ansari.com\">reception@riad-al-ansari.com<\/a><\/p>\n<\/div><\/div>\n<\/div>\n<\/div>\n<\/div><\/div><\/div><\/div><\/div>\n\n<div class=\"wp-block-getwid-section alignfull alignfull getwid-section-content-full-width\" style=\"margin-top:90px\"><div class=\"wp-block-getwid-section__wrapper getwid-padding-top-none getwid-padding-bottom-none getwid-padding-left-none getwid-padding-right-none\"><div class=\"wp-block-getwid-section__inner-wrapper\"><div class=\"wp-block-getwid-section__background-holder\"><div class=\"wp-block-getwid-section__background lazyload\" style=\"background-image:url(https:\/\/riad-al-ansari.com\/wp-includes\/images\/blank.gif);background-size:contain\" data-background-image=\"\/wp-content\/uploads\/2019\/07\/image_placeholder-copy-5.png\"><div class=\"wp-block-getwid-section__background-image-wrapper\"><img decoding=\"async\" class=\"wp-block-getwid-section__background-image lazyload\" src=\"data:image\/gif;base64,R0lGODlhAQABAAAAACH5BAEKAAEALAAAAAABAAEAAAICTAEAOw==\" alt=\"\" data-src=\"\/wp-content\/uploads\/2019\/07\/image_placeholder-copy-5.png\"><\/div><\/div><div class=\"wp-block-getwid-section__foreground\"><\/div><\/div><div class=\"wp-block-getwid-section__content\"><div class=\"wp-block-getwid-section__inner-content\">\n<div class=\"wp-block-columns has-2-columns is-layout-flex wp-container-core-columns-is-layout-9d6595d7 wp-block-columns-is-layout-flex\">\n<div class=\"wp-block-column is-layout-flow wp-block-column-is-layout-flow\">\n<div class=\"wp-block-getwid-section bring-to-top getwid-section-content-custom-width\" style=\"margin-top:90px;margin-bottom:90px\"><div class=\"wp-block-getwid-section__wrapper getwid-padding-top-none getwid-padding-bottom-none getwid-padding-left-none getwid-padding-right-none getwid-justify-content-flex-end getwid-justify-content-tablet-center getwid-reset-min-height-tablet getwid-reset-min-height-mobile\" style=\"min-height:852px\"><div class=\"wp-block-getwid-section__inner-wrapper\" style=\"max-width:600px\"><div class=\"wp-block-getwid-section__background-holder\"><div class=\"wp-block-getwid-section__background\"><\/div><div class=\"wp-block-getwid-section__foreground\"><\/div><\/div><div class=\"wp-block-getwid-section__content\"><div class=\"wp-block-getwid-section__inner-content\">\n<div class=\"wp-block-getwid-section\"><div class=\"wp-block-getwid-section__wrapper\" style=\"padding-top:75px;padding-bottom:75px;padding-left:60px;padding-right:60px\"><div class=\"wp-block-getwid-section__inner-wrapper\"><div class=\"wp-block-getwid-section__background-holder\"><div class=\"wp-block-getwid-section__background has-background has-white-background-color\"><\/div><div class=\"wp-block-getwid-section__foreground\"><\/div><\/div><div class=\"wp-block-getwid-section__content\"><div class=\"wp-block-getwid-section__inner-content\">\n<div class=\"wp-block-getwid-advanced-heading is-style-default\" id=\"contact-form-anchor\" style=\"margin-bottom:20px\"><h2 class=\"wp-block-getwid-advanced-heading__content\">Envoyer un message<\/h2><\/div>\n\n\n\n<p>Si vous avez des questions, n&rsquo;h\u00e9sitez pas \u00e0 contacter notre \u00e9quipe. Nous sommes toujours l\u00e0 pour r\u00e9pondre \u00e0 vos questions.<\/p>\n\n\n\n<div class=\"wp-block-contact-form-7-contact-form-selector\">\n<div class=\"wpcf7 no-js\" id=\"wpcf7-f5758-o1\" lang=\"fr-FR\" dir=\"ltr\" data-wpcf7-id=\"5758\">\n<div class=\"screen-reader-response\"><p role=\"status\" aria-live=\"polite\" aria-atomic=\"true\"><\/p> <ul><\/ul><\/div>\n<form action=\"\/fr\/wp-json\/wp\/v2\/pages\/5229#wpcf7-f5758-o1\" method=\"post\" class=\"wpcf7-form init\" aria-label=\"Formulaire de contact\" novalidate=\"novalidate\" data-status=\"init\">\n<fieldset class=\"hidden-fields-container\"><input type=\"hidden\" name=\"_wpcf7\" value=\"5758\" \/><input type=\"hidden\" name=\"_wpcf7_version\" value=\"6.1.5\" \/><input type=\"hidden\" name=\"_wpcf7_locale\" value=\"fr_FR\" \/><input type=\"hidden\" name=\"_wpcf7_unit_tag\" value=\"wpcf7-f5758-o1\" \/><input type=\"hidden\" name=\"_wpcf7_container_post\" value=\"0\" \/><input type=\"hidden\" name=\"_wpcf7_posted_data_hash\" value=\"\" \/><input type=\"hidden\" name=\"_wpcf7_recaptcha_response\" value=\"\" \/>\n<\/fieldset>\n<div class=\"contact-page-form\">\n<div class=\"wpcf7-response-output\" aria-hidden=\"true\"><\/div>\n\t<div class=\"row\">\n\t\t<div class=\"form-group col-md-6\" style=\"margin-bottom:5px;\">\n\t\t\t<p><span class=\"wpcf7-form-control-wrap\" data-name=\"your-name\"><input size=\"40\" maxlength=\"400\" class=\"wpcf7-form-control wpcf7-text wpcf7-validates-as-required form-control\" aria-required=\"true\" aria-invalid=\"false\" value=\"\" type=\"text\" name=\"your-name\" \/><\/span>\n\t\t\t<\/p>\n\t\t<\/div>\n\t\t<div class=\"form-group col-md-6\" style=\"margin-bottom:5px;\">\n\t\t\t<p><span class=\"wpcf7-form-control-wrap\" data-name=\"your-email\"><input size=\"40\" maxlength=\"400\" class=\"wpcf7-form-control wpcf7-email wpcf7-validates-as-required wpcf7-text wpcf7-validates-as-email form-control\" aria-required=\"true\" aria-invalid=\"false\" value=\"\" type=\"email\" name=\"your-email\" \/><\/span>\n\t\t\t<\/p>\n\t\t<\/div>\n\t<\/div>\n\t<div class=\"form-group\" style=\"margin-bottom:5px;\">\n\t\t<p><span class=\"wpcf7-form-control-wrap\" data-name=\"your-message\"><textarea cols=\"40\" rows=\"10\" maxlength=\"2000\" class=\"wpcf7-form-control wpcf7-textarea wpcf7-validates-as-required form-control\" aria-required=\"true\" aria-invalid=\"false\" name=\"your-message\"><\/textarea><\/span>\n\t\t<\/p>\n\t<\/div>\n\t<div class=\"form-group\" style=\"margin:12px;text-align:center;\">\n\t\t<p><span class=\"wpcf7-form-control-wrap\" data-name=\"terms\"><span class=\"wpcf7-form-control wpcf7-checkbox wpcf7-validates-as-required\"><span class=\"wpcf7-list-item first last\"><input type=\"checkbox\" name=\"terms[]\" value=\"En envoyant un message, j&#039;accepte les conditions d&#039;utilisation de riad-al-ansari.com.\" \/><span class=\"wpcf7-list-item-label\">En envoyant un message, j&#039;accepte les conditions d&#039;utilisation de riad-al-ansari.com.<\/span><\/span><\/span><\/span>\n\t\t<\/p>\n\t<\/div>\n\t<p><input class=\"wpcf7-form-control wpcf7-submit has-spinner button btn-lg mt10 mt30\" type=\"submit\" value=\"Envoyez votre message maintenant\" \/>\n\t<\/p>\n<\/div>\n<\/form>\n<\/div>\n<\/div>\n<\/div><\/div><\/div><\/div><\/div>\n<\/div><\/div><\/div><\/div><\/div>\n<\/div>\n\n\n\n<div class=\"wp-block-column is-layout-flow wp-block-column-is-layout-flow\">\n<div class=\"wp-block-getwid-section alignfull alignfull\" style=\"margin-top:45px;margin-bottom:45px\"><div class=\"wp-block-getwid-section__wrapper getwid-padding-top-none getwid-padding-bottom-none getwid-padding-left-none getwid-padding-right-none getwid-justify-content-flex-start\" style=\"margin-left:-100px\"><div class=\"wp-block-getwid-section__inner-wrapper\"><div class=\"wp-block-getwid-section__background-holder\"><div class=\"wp-block-getwid-section__background\"><\/div><div class=\"wp-block-getwid-section__foreground\"><\/div><\/div><div class=\"wp-block-getwid-section__content\"><div class=\"wp-block-getwid-section__inner-content\">\n<div data-map-zoom=\"16\" data-interaction=\"cooperative\" data-map-style=\"retro\" data-map-center=\"{\"lat\":34.06555428955576,\"lng\":-4.984258033294428}\" data-zoom-control=\"false\" data-type-control=\"false\" data-street-view-control=\"false\" data-full-screen-control=\"false\" data-map-markers=\"[{\"name\":\"Riad Al Ansari\",\"description\":\"\",\"popUpOpen\":false,\"popUpMaxWidth\":250,\"bounce\":false,\"coords\":{\"lat\":34.0643811,\"lng\":-4.983099319}}]\" class=\"wp-block-getwid-map alignfull\"><div style=\"height:940px\" class=\"wp-block-getwid-map__container\"><\/div><ul class=\"wp-block-getwid-map__points\"><li><a href=\"https:\/\/maps.google.com\/?q=34.0643811,-4.983099319&amp;ll=34.0643811,-4.983099319&amp;z=16\">Riad Al Ansari<\/a><\/li><\/ul><\/div>\n<\/div><\/div><\/div><\/div><\/div>\n<\/div>\n<\/div>\n<\/div><\/div><\/div><\/div><\/div>\n","protected":false},"excerpt":{"rendered":"<p>N&rsquo;h\u00e9sitez pas \u00e0 nous contacter directement si vous avez des questions concernant l&rsquo;h\u00e9bergement. Nous serions ravis de vous accueillir chez nous !<\/p>\n","protected":false},"author":2,"featured_media":0,"parent":0,"menu_order":0,"comment_status":"closed","ping_status":"closed","template":"","meta":{"inline_featured_image":false,"footnotes":""},"class_list":["post-5229","page","type-page","status-publish","hentry"],"yoast_head":"<!-- This site is optimized with the Yoast SEO plugin v27.0 - https:\/\/yoast.com\/product\/yoast-seo-wordpress\/ -->\n<title>Nous contacter - Riad Al Ansari<\/title>\n<meta name=\"robots\" content=\"index, follow, max-snippet:-1, max-image-preview:large, max-video-preview:-1\" \/>\n<link rel=\"canonical\" href=\"https:\/\/riad-al-ansari.com\/fr\/nous-contacter\/\" \/>\n<meta property=\"og:locale\" content=\"fr_FR\" \/>\n<meta property=\"og:type\" content=\"article\" \/>\n<meta property=\"og:title\" content=\"Nous contacter - Riad Al Ansari\" \/>\n<meta property=\"og:description\" content=\"N&#039;h\u00e9sitez pas \u00e0 nous contacter directement si vous avez des questions concernant l&#039;h\u00e9bergement. Nous serions ravis de vous accueillir chez nous !\" \/>\n<meta property=\"og:url\" content=\"https:\/\/riad-al-ansari.com\/fr\/nous-contacter\/\" \/>\n<meta property=\"og:site_name\" content=\"Riad Al Ansari\" \/>\n<meta property=\"article:modified_time\" content=\"2023-04-26T07:18:44+00:00\" \/>\n<meta property=\"og:image\" content=\"https:\/\/riad-al-ansari.com\/wp-content\/uploads\/2024\/05\/P1055306-scaled.jpg\" \/>\n\t<meta property=\"og:image:width\" content=\"2560\" \/>\n\t<meta property=\"og:image:height\" content=\"1707\" \/>\n\t<meta property=\"og:image:type\" content=\"image\/jpeg\" \/>\n<meta name=\"twitter:card\" content=\"summary_large_image\" \/>\n<script type=\"application\/ld+json\" class=\"yoast-schema-graph\">{\"@context\":\"https:\/\/schema.org\",\"@graph\":[{\"@type\":\"WebPage\",\"@id\":\"https:\/\/riad-al-ansari.com\/fr\/nous-contacter\/\",\"url\":\"https:\/\/riad-al-ansari.com\/fr\/nous-contacter\/\",\"name\":\"Nous contacter - Riad Al Ansari\",\"isPartOf\":{\"@id\":\"https:\/\/riad-al-ansari.com\/fr\/#website\"},\"datePublished\":\"2019-07-11T12:57:30+00:00\",\"dateModified\":\"2023-04-26T07:18:44+00:00\",\"breadcrumb\":{\"@id\":\"https:\/\/riad-al-ansari.com\/fr\/nous-contacter\/#breadcrumb\"},\"inLanguage\":\"fr-FR\",\"potentialAction\":[{\"@type\":\"ReadAction\",\"target\":[\"https:\/\/riad-al-ansari.com\/fr\/nous-contacter\/\"]}]},{\"@type\":\"BreadcrumbList\",\"@id\":\"https:\/\/riad-al-ansari.com\/fr\/nous-contacter\/#breadcrumb\",\"itemListElement\":[{\"@type\":\"ListItem\",\"position\":1,\"name\":\"Accueil\",\"item\":\"https:\/\/riad-al-ansari.com\/fr\/\"},{\"@type\":\"ListItem\",\"position\":2,\"name\":\"Nous contacter\"}]},{\"@type\":\"WebSite\",\"@id\":\"https:\/\/riad-al-ansari.com\/fr\/#website\",\"url\":\"https:\/\/riad-al-ansari.com\/fr\/\",\"name\":\"Riad Al Ansari\",\"description\":\"Discover the city of F\u00e8s and enjoy the charm of this several centuries old ryad.\",\"publisher\":{\"@id\":\"https:\/\/riad-al-ansari.com\/fr\/#organization\"},\"potentialAction\":[{\"@type\":\"SearchAction\",\"target\":{\"@type\":\"EntryPoint\",\"urlTemplate\":\"https:\/\/riad-al-ansari.com\/fr\/?s={search_term_string}\"},\"query-input\":{\"@type\":\"PropertyValueSpecification\",\"valueRequired\":true,\"valueName\":\"search_term_string\"}}],\"inLanguage\":\"fr-FR\"},{\"@type\":\"Organization\",\"@id\":\"https:\/\/riad-al-ansari.com\/fr\/#organization\",\"name\":\"Riad Al Ansari\",\"url\":\"https:\/\/riad-al-ansari.com\/fr\/\",\"logo\":{\"@type\":\"ImageObject\",\"inLanguage\":\"fr-FR\",\"@id\":\"https:\/\/riad-al-ansari.com\/fr\/#\/schema\/logo\/image\/\",\"url\":\"https:\/\/riad-al-ansari.com\/wp-content\/uploads\/2021\/07\/Logo-header-blanc.png\",\"contentUrl\":\"https:\/\/riad-al-ansari.com\/wp-content\/uploads\/2021\/07\/Logo-header-blanc.png\",\"width\":60,\"height\":60,\"caption\":\"Riad Al Ansari\"},\"image\":{\"@id\":\"https:\/\/riad-al-ansari.com\/fr\/#\/schema\/logo\/image\/\"}}]}<\/script>\n<!-- \/ Yoast SEO plugin. -->","yoast_head_json":{"title":"Nous contacter - Riad Al Ansari","robots":{"index":"index","follow":"follow","max-snippet":"max-snippet:-1","max-image-preview":"max-image-preview:large","max-video-preview":"max-video-preview:-1"},"canonical":"https:\/\/riad-al-ansari.com\/fr\/nous-contacter\/","og_locale":"fr_FR","og_type":"article","og_title":"Nous contacter - Riad Al Ansari","og_description":"N'h\u00e9sitez pas \u00e0 nous contacter directement si vous avez des questions concernant l'h\u00e9bergement. Nous serions ravis de vous accueillir chez nous !","og_url":"https:\/\/riad-al-ansari.com\/fr\/nous-contacter\/","og_site_name":"Riad Al Ansari","article_modified_time":"2023-04-26T07:18:44+00:00","og_image":[{"width":2560,"height":1707,"url":"https:\/\/riad-al-ansari.com\/wp-content\/uploads\/2024\/05\/P1055306-scaled.jpg","type":"image\/jpeg"}],"twitter_card":"summary_large_image","schema":{"@context":"https:\/\/schema.org","@graph":[{"@type":"WebPage","@id":"https:\/\/riad-al-ansari.com\/fr\/nous-contacter\/","url":"https:\/\/riad-al-ansari.com\/fr\/nous-contacter\/","name":"Nous contacter - Riad Al Ansari","isPartOf":{"@id":"https:\/\/riad-al-ansari.com\/fr\/#website"},"datePublished":"2019-07-11T12:57:30+00:00","dateModified":"2023-04-26T07:18:44+00:00","breadcrumb":{"@id":"https:\/\/riad-al-ansari.com\/fr\/nous-contacter\/#breadcrumb"},"inLanguage":"fr-FR","potentialAction":[{"@type":"ReadAction","target":["https:\/\/riad-al-ansari.com\/fr\/nous-contacter\/"]}]},{"@type":"BreadcrumbList","@id":"https:\/\/riad-al-ansari.com\/fr\/nous-contacter\/#breadcrumb","itemListElement":[{"@type":"ListItem","position":1,"name":"Accueil","item":"https:\/\/riad-al-ansari.com\/fr\/"},{"@type":"ListItem","position":2,"name":"Nous contacter"}]},{"@type":"WebSite","@id":"https:\/\/riad-al-ansari.com\/fr\/#website","url":"https:\/\/riad-al-ansari.com\/fr\/","name":"Riad Al Ansari","description":"Discover the city of F\u00e8s and enjoy the charm of this several centuries old ryad.","publisher":{"@id":"https:\/\/riad-al-ansari.com\/fr\/#organization"},"potentialAction":[{"@type":"SearchAction","target":{"@type":"EntryPoint","urlTemplate":"https:\/\/riad-al-ansari.com\/fr\/?s={search_term_string}"},"query-input":{"@type":"PropertyValueSpecification","valueRequired":true,"valueName":"search_term_string"}}],"inLanguage":"fr-FR"},{"@type":"Organization","@id":"https:\/\/riad-al-ansari.com\/fr\/#organization","name":"Riad Al Ansari","url":"https:\/\/riad-al-ansari.com\/fr\/","logo":{"@type":"ImageObject","inLanguage":"fr-FR","@id":"https:\/\/riad-al-ansari.com\/fr\/#\/schema\/logo\/image\/","url":"https:\/\/riad-al-ansari.com\/wp-content\/uploads\/2021\/07\/Logo-header-blanc.png","contentUrl":"https:\/\/riad-al-ansari.com\/wp-content\/uploads\/2021\/07\/Logo-header-blanc.png","width":60,"height":60,"caption":"Riad Al Ansari"},"image":{"@id":"https:\/\/riad-al-ansari.com\/fr\/#\/schema\/logo\/image\/"}}]}},"_links":{"self":[{"href":"https:\/\/riad-al-ansari.com\/fr\/wp-json\/wp\/v2\/pages\/5229","targetHints":{"allow":["GET"]}}],"collection":[{"href":"https:\/\/riad-al-ansari.com\/fr\/wp-json\/wp\/v2\/pages"}],"about":[{"href":"https:\/\/riad-al-ansari.com\/fr\/wp-json\/wp\/v2\/types\/page"}],"author":[{"embeddable":true,"href":"https:\/\/riad-al-ansari.com\/fr\/wp-json\/wp\/v2\/users\/2"}],"replies":[{"embeddable":true,"href":"https:\/\/riad-al-ansari.com\/fr\/wp-json\/wp\/v2\/comments?post=5229"}],"version-history":[{"count":2,"href":"https:\/\/riad-al-ansari.com\/fr\/wp-json\/wp\/v2\/pages\/5229\/revisions"}],"predecessor-version":[{"id":6460,"href":"https:\/\/riad-al-ansari.com\/fr\/wp-json\/wp\/v2\/pages\/5229\/revisions\/6460"}],"wp:attachment":[{"href":"https:\/\/riad-al-ansari.com\/fr\/wp-json\/wp\/v2\/media?parent=5229"}],"curies":[{"name":"wp","href":"https:\/\/api.w.org\/{rel}","templated":true}]}}