{"id":5218,"date":"2019-06-12T11:51:44","date_gmt":"2019-06-12T10:51:44","guid":{"rendered":"\/notre-galerie\/"},"modified":"2022-09-05T23:38:39","modified_gmt":"2022-09-05T22:38:39","slug":"notre-galerie","status":"publish","type":"page","link":"https:\/\/riad-al-ansari.com\/fr\/notre-galerie\/","title":{"rendered":"Notre galerie"},"content":{"rendered":"\n<div class=\"wp-block-getwid-section alignfull alignfull\"><div class=\"wp-block-getwid-section__wrapper getwid-padding-top-none getwid-padding-bottom-none getwid-padding-left-medium getwid-padding-right-medium getwid-padding-mobile-left-small getwid-padding-mobile-right-small\"><div class=\"wp-block-getwid-section__inner-wrapper\"><div class=\"wp-block-getwid-section__background-holder\"><div class=\"wp-block-getwid-section__background\"><\/div><div class=\"wp-block-getwid-section__foreground\"><\/div><\/div><div class=\"wp-block-getwid-section__content\"><div class=\"wp-block-getwid-section__inner-content\">\n<figure class=\"wp-block-gallery has-nested-images columns-3 is-cropped wp-block-gallery-1 is-layout-flex wp-block-gallery-is-layout-flex\">\n<figure class=\"wp-block-image size-large\"><a href=\"https:\/\/riad-al-ansari.com\/fr\/porte-entree-riad-2\/\"><img decoding=\"async\" data-id=\"4153\" src=\"data:image\/gif;base64,R0lGODlhAQABAAAAACH5BAEKAAEALAAAAAABAAEAAAICTAEAOw==\" alt=\"\" class=\"wp-image-4153 lazyload\" data-src=\"\/wp-content\/uploads\/2021\/08\/porte-entre&#x301;e-riad-e1628754880883.jpeg\"><\/a><\/figure>\n\n\n<figure class=\"wp-block-image size-large\"><a href=\"\/?attachment_id=2148\"><img loading=\"lazy\" decoding=\"async\" width=\"2560\" height=\"1696\" data-id=\"2148\" src=\"data:image\/gif;base64,R0lGODlhAQABAAAAACH5BAEKAAEALAAAAAABAAEAAAICTAEAOw==\" alt=\"\" class=\"wp-image-2148 lazyload\" sizes=\"auto, (max-width: 2560px) 100vw, 2560px\" data-src=\"\/wp-content\/uploads\/2020\/02\/DSC_4198-scaled.jpg\" data-srcset=\"https:\/\/riad-al-ansari.com\/wp-content\/uploads\/2020\/02\/DSC_4198-scaled.jpg 2560w, https:\/\/riad-al-ansari.com\/wp-content\/uploads\/2020\/02\/DSC_4198-300x199.jpg 300w, https:\/\/riad-al-ansari.com\/wp-content\/uploads\/2020\/02\/DSC_4198-1024x678.jpg 1024w, https:\/\/riad-al-ansari.com\/wp-content\/uploads\/2020\/02\/DSC_4198-768x509.jpg 768w, https:\/\/riad-al-ansari.com\/wp-content\/uploads\/2020\/02\/DSC_4198-80x53.jpg 80w, https:\/\/riad-al-ansari.com\/wp-content\/uploads\/2020\/02\/DSC_4198-1536x1017.jpg 1536w, https:\/\/riad-al-ansari.com\/wp-content\/uploads\/2020\/02\/DSC_4198-2048x1356.jpg 2048w\"><\/a><\/figure>\n\n\n<figure class=\"wp-block-image size-large\"><a href=\"https:\/\/riad-al-ansari.com\/fr\/hp-about-2-2\/\"><img loading=\"lazy\" decoding=\"async\" width=\"500\" height=\"300\" data-id=\"2089\" src=\"data:image\/gif;base64,R0lGODlhAQABAAAAACH5BAEKAAEALAAAAAABAAEAAAICTAEAOw==\" alt=\"Fontaine de patio\" class=\"wp-image-2089 lazyload\" sizes=\"auto, (max-width: 500px) 100vw, 500px\" data-src=\"\/wp-content\/uploads\/2020\/02\/HP-about-1.jpg\" data-srcset=\"https:\/\/riad-al-ansari.com\/wp-content\/uploads\/2020\/02\/HP-about-1.jpg 500w, https:\/\/riad-al-ansari.com\/wp-content\/uploads\/2020\/02\/HP-about-1-300x180.png 300w, https:\/\/riad-al-ansari.com\/wp-content\/uploads\/2020\/02\/HP-about-1-80x48.png 80w\"><\/a><\/figure>\n\n\n<figure class=\"wp-block-image size-large\"><a href=\"\/?attachment_id=2181\"><img loading=\"lazy\" decoding=\"async\" width=\"1209\" height=\"2560\" data-id=\"2181\" src=\"data:image\/gif;base64,R0lGODlhAQABAAAAACH5BAEKAAEALAAAAAABAAEAAAICTAEAOw==\" alt=\"\" class=\"wp-image-2181 lazyload\" sizes=\"auto, (max-width: 1209px) 100vw, 1209px\" data-src=\"\/wp-content\/uploads\/2020\/02\/colored-windows-2-scaled.jpg\" data-srcset=\"https:\/\/riad-al-ansari.com\/wp-content\/uploads\/2020\/02\/colored-windows-2-scaled.jpg 1209w, https:\/\/riad-al-ansari.com\/wp-content\/uploads\/2020\/02\/colored-windows-2-142x300.jpg 142w, https:\/\/riad-al-ansari.com\/wp-content\/uploads\/2020\/02\/colored-windows-2-484x1024.jpg 484w, https:\/\/riad-al-ansari.com\/wp-content\/uploads\/2020\/02\/colored-windows-2-768x1626.jpg 768w, https:\/\/riad-al-ansari.com\/wp-content\/uploads\/2020\/02\/colored-windows-2-38x80.jpg 38w, https:\/\/riad-al-ansari.com\/wp-content\/uploads\/2020\/02\/colored-windows-2-725x1536.jpg 725w, https:\/\/riad-al-ansari.com\/wp-content\/uploads\/2020\/02\/colored-windows-2-967x2048.jpg 967w\"><\/a><\/figure>\n\n\n<figure class=\"wp-block-image size-large\"><a href=\"https:\/\/riad-al-ansari.com\/fr\/rue-medina-2-2\/\"><img loading=\"lazy\" decoding=\"async\" width=\"1086\" height=\"1250\" data-id=\"4215\" src=\"data:image\/gif;base64,R0lGODlhAQABAAAAACH5BAEKAAEALAAAAAABAAEAAAICTAEAOw==\" alt=\"\" class=\"wp-image-4215 lazyload\" sizes=\"auto, (max-width: 1086px) 100vw, 1086px\" data-src=\"\/wp-content\/uploads\/2021\/12\/Rue-Medina-1.jpg\" data-srcset=\"https:\/\/riad-al-ansari.com\/wp-content\/uploads\/2021\/12\/Rue-Medina-1.jpg 1086w, https:\/\/riad-al-ansari.com\/wp-content\/uploads\/2021\/12\/Rue-Medina-1-261x300.jpg 261w, https:\/\/riad-al-ansari.com\/wp-content\/uploads\/2021\/12\/Rue-Medina-1-890x1024.jpg 890w, https:\/\/riad-al-ansari.com\/wp-content\/uploads\/2021\/12\/Rue-Medina-1-768x884.jpg 768w\"><\/a><\/figure>\n\n\n<figure class=\"wp-block-image size-large\"><a href=\"\/?attachment_id=2055\"><img loading=\"lazy\" decoding=\"async\" width=\"1200\" height=\"801\" data-id=\"2055\" src=\"data:image\/gif;base64,R0lGODlhAQABAAAAACH5BAEKAAEALAAAAAABAAEAAAICTAEAOw==\" alt=\"\" class=\"wp-image-2055 lazyload\" sizes=\"auto, (max-width: 1200px) 100vw, 1200px\" data-src=\"\/wp-content\/uploads\/2018\/05\/suite-burgundy-bedroom-third.jpg\" data-srcset=\"https:\/\/riad-al-ansari.com\/wp-content\/uploads\/2018\/05\/suite-burgundy-bedroom-third.jpg 1200w, https:\/\/riad-al-ansari.com\/wp-content\/uploads\/2018\/05\/suite-burgundy-bedroom-third-300x200.png 300w, https:\/\/riad-al-ansari.com\/wp-content\/uploads\/2018\/05\/suite-burgundy-bedroom-third-768x513.png 768w, https:\/\/riad-al-ansari.com\/wp-content\/uploads\/2018\/05\/suite-burgundy-bedroom-third-1024x684.png 1024w, https:\/\/riad-al-ansari.com\/wp-content\/uploads\/2018\/05\/suite-burgundy-bedroom-third-80x53.png 80w\"><\/a><\/figure>\n\n\n<figure class=\"wp-block-image size-large\"><a href=\"\/?attachment_id=2150\"><img loading=\"lazy\" decoding=\"async\" width=\"2560\" height=\"1696\" data-id=\"2150\" src=\"data:image\/gif;base64,R0lGODlhAQABAAAAACH5BAEKAAEALAAAAAABAAEAAAICTAEAOw==\" alt=\"table de restaurant dans le patio\" class=\"wp-image-2150 lazyload\" sizes=\"auto, (max-width: 2560px) 100vw, 2560px\" data-src=\"\/wp-content\/uploads\/2020\/02\/DSC_4204-scaled.jpg\" data-srcset=\"https:\/\/riad-al-ansari.com\/wp-content\/uploads\/2020\/02\/DSC_4204-scaled.jpg 2560w, https:\/\/riad-al-ansari.com\/wp-content\/uploads\/2020\/02\/DSC_4204-300x199.jpg 300w, https:\/\/riad-al-ansari.com\/wp-content\/uploads\/2020\/02\/DSC_4204-1024x678.jpg 1024w, https:\/\/riad-al-ansari.com\/wp-content\/uploads\/2020\/02\/DSC_4204-768x509.jpg 768w, https:\/\/riad-al-ansari.com\/wp-content\/uploads\/2020\/02\/DSC_4204-80x53.jpg 80w, https:\/\/riad-al-ansari.com\/wp-content\/uploads\/2020\/02\/DSC_4204-1536x1017.jpg 1536w, https:\/\/riad-al-ansari.com\/wp-content\/uploads\/2020\/02\/DSC_4204-2048x1356.jpg 2048w\"><\/a><\/figure>\n\n\n<figure class=\"wp-block-image size-large\"><a href=\"\/?attachment_id=2186\"><img loading=\"lazy\" decoding=\"async\" width=\"1152\" height=\"546\" data-id=\"2186\" src=\"data:image\/gif;base64,R0lGODlhAQABAAAAACH5BAEKAAEALAAAAAABAAEAAAICTAEAOw==\" alt=\"Coucher de soleil sur le toit\" class=\"wp-image-2186 lazyload\" sizes=\"auto, (max-width: 1152px) 100vw, 1152px\" data-src=\"\/wp-content\/uploads\/2020\/02\/WhatsApp-Image-2019-12-01-at-18.48.19.jpeg\" data-srcset=\"https:\/\/riad-al-ansari.com\/wp-content\/uploads\/2020\/02\/WhatsApp-Image-2019-12-01-at-18.48.19.jpeg 1152w, https:\/\/riad-al-ansari.com\/wp-content\/uploads\/2020\/02\/WhatsApp-Image-2019-12-01-at-18.48.19-300x142.jpeg 300w, https:\/\/riad-al-ansari.com\/wp-content\/uploads\/2020\/02\/WhatsApp-Image-2019-12-01-at-18.48.19-1024x485.jpeg 1024w, https:\/\/riad-al-ansari.com\/wp-content\/uploads\/2020\/02\/WhatsApp-Image-2019-12-01-at-18.48.19-768x364.jpeg 768w, https:\/\/riad-al-ansari.com\/wp-content\/uploads\/2020\/02\/WhatsApp-Image-2019-12-01-at-18.48.19-80x38.jpeg 80w\"><\/a><\/figure>\n\n\n<figure class=\"wp-block-image size-large\"><a href=\"\/?attachment_id=2154\"><img loading=\"lazy\" decoding=\"async\" width=\"1280\" height=\"622\" data-id=\"2154\" src=\"data:image\/gif;base64,R0lGODlhAQABAAAAACH5BAEKAAEALAAAAAABAAEAAAICTAEAOw==\" alt=\"\" class=\"wp-image-2154 lazyload\" sizes=\"auto, (max-width: 1280px) 100vw, 1280px\" data-src=\"\/wp-content\/uploads\/2020\/02\/IMG-20200210-WA0034.jpg\" data-srcset=\"https:\/\/riad-al-ansari.com\/wp-content\/uploads\/2020\/02\/IMG-20200210-WA0034.jpg 1280w, https:\/\/riad-al-ansari.com\/wp-content\/uploads\/2020\/02\/IMG-20200210-WA0034-300x146.jpg 300w, https:\/\/riad-al-ansari.com\/wp-content\/uploads\/2020\/02\/IMG-20200210-WA0034-1024x498.jpg 1024w, https:\/\/riad-al-ansari.com\/wp-content\/uploads\/2020\/02\/IMG-20200210-WA0034-768x373.jpg 768w, https:\/\/riad-al-ansari.com\/wp-content\/uploads\/2020\/02\/IMG-20200210-WA0034-80x39.jpg 80w\"><\/a><\/figure>\n\n\n<figure class=\"wp-block-image size-large\"><a href=\"https:\/\/riad-al-ansari.com\/fr\/restaurant-slider-2\/\"><img loading=\"lazy\" decoding=\"async\" width=\"2560\" height=\"1268\" data-id=\"3312\" src=\"data:image\/gif;base64,R0lGODlhAQABAAAAACH5BAEKAAEALAAAAAABAAEAAAICTAEAOw==\" alt=\"\" class=\"wp-image-3312 lazyload\" sizes=\"auto, (max-width: 2560px) 100vw, 2560px\" data-src=\"\/wp-content\/uploads\/2021\/08\/RESTAURANT-slider.png\" data-srcset=\"https:\/\/riad-al-ansari.com\/wp-content\/uploads\/2021\/08\/RESTAURANT-slider.png 2560w, https:\/\/riad-al-ansari.com\/wp-content\/uploads\/2021\/08\/RESTAURANT-slider-300x149.png 300w, https:\/\/riad-al-ansari.com\/wp-content\/uploads\/2021\/08\/RESTAURANT-slider-1024x507.png 1024w, https:\/\/riad-al-ansari.com\/wp-content\/uploads\/2021\/08\/RESTAURANT-slider-768x380.png 768w, https:\/\/riad-al-ansari.com\/wp-content\/uploads\/2021\/08\/RESTAURANT-slider-1536x761.png 1536w, https:\/\/riad-al-ansari.com\/wp-content\/uploads\/2021\/08\/RESTAURANT-slider-2048x1014.png 2048w, https:\/\/riad-al-ansari.com\/wp-content\/uploads\/2021\/08\/RESTAURANT-slider-1170x580.png 1170w\"><\/a><\/figure>\n\n\n<figure class=\"wp-block-image size-large\"><a href=\"\/?attachment_id=2152\"><img loading=\"lazy\" decoding=\"async\" width=\"2560\" height=\"1696\" data-id=\"2152\" src=\"data:image\/gif;base64,R0lGODlhAQABAAAAACH5BAEKAAEALAAAAAABAAEAAAICTAEAOw==\" alt=\"Le salon sur le toit la nuit\" class=\"wp-image-2152 lazyload\" sizes=\"auto, (max-width: 2560px) 100vw, 2560px\" data-src=\"\/wp-content\/uploads\/2020\/02\/DSC_4195-scaled.jpg\" data-srcset=\"https:\/\/riad-al-ansari.com\/wp-content\/uploads\/2020\/02\/DSC_4195-scaled.jpg 2560w, https:\/\/riad-al-ansari.com\/wp-content\/uploads\/2020\/02\/DSC_4195-300x199.jpg 300w, https:\/\/riad-al-ansari.com\/wp-content\/uploads\/2020\/02\/DSC_4195-1024x678.jpg 1024w, https:\/\/riad-al-ansari.com\/wp-content\/uploads\/2020\/02\/DSC_4195-768x509.jpg 768w, https:\/\/riad-al-ansari.com\/wp-content\/uploads\/2020\/02\/DSC_4195-80x53.jpg 80w, https:\/\/riad-al-ansari.com\/wp-content\/uploads\/2020\/02\/DSC_4195-1536x1017.jpg 1536w, https:\/\/riad-al-ansari.com\/wp-content\/uploads\/2020\/02\/DSC_4195-2048x1356.jpg 2048w\"><\/a><\/figure>\n\n\n<figure class=\"wp-block-image size-large\"><a href=\"\/?attachment_id=2048\"><img loading=\"lazy\" decoding=\"async\" width=\"1200\" height=\"801\" data-id=\"2048\" src=\"data:image\/gif;base64,R0lGODlhAQABAAAAACH5BAEKAAEALAAAAAABAAEAAAICTAEAOw==\" alt=\"\" class=\"wp-image-2048 lazyload\" sizes=\"auto, (max-width: 1200px) 100vw, 1200px\" data-src=\"\/wp-content\/uploads\/2018\/07\/room-patio-bedroom-main.jpg\" data-srcset=\"https:\/\/riad-al-ansari.com\/wp-content\/uploads\/2018\/07\/room-patio-bedroom-main.jpg 1200w, https:\/\/riad-al-ansari.com\/wp-content\/uploads\/2018\/07\/room-patio-bedroom-main-300x200.png 300w, https:\/\/riad-al-ansari.com\/wp-content\/uploads\/2018\/07\/room-patio-bedroom-main-768x513.png 768w, https:\/\/riad-al-ansari.com\/wp-content\/uploads\/2018\/07\/room-patio-bedroom-main-1024x684.png 1024w, https:\/\/riad-al-ansari.com\/wp-content\/uploads\/2018\/07\/room-patio-bedroom-main-80x53.png 80w\"><\/a><\/figure>\n\n\n<figure class=\"wp-block-image size-large\"><a href=\"\/?attachment_id=2143\"><img loading=\"lazy\" decoding=\"async\" width=\"2560\" height=\"1696\" data-id=\"2143\" src=\"data:image\/gif;base64,R0lGODlhAQABAAAAACH5BAEKAAEALAAAAAABAAEAAAICTAEAOw==\" alt=\"\" class=\"wp-image-2143 lazyload\" sizes=\"auto, (max-width: 2560px) 100vw, 2560px\" data-src=\"\/wp-content\/uploads\/2020\/02\/DSC_4151-scaled.jpg\" data-srcset=\"https:\/\/riad-al-ansari.com\/wp-content\/uploads\/2020\/02\/DSC_4151-scaled.jpg 2560w, https:\/\/riad-al-ansari.com\/wp-content\/uploads\/2020\/02\/DSC_4151-300x199.jpg 300w, https:\/\/riad-al-ansari.com\/wp-content\/uploads\/2020\/02\/DSC_4151-1024x678.jpg 1024w, https:\/\/riad-al-ansari.com\/wp-content\/uploads\/2020\/02\/DSC_4151-768x509.jpg 768w, https:\/\/riad-al-ansari.com\/wp-content\/uploads\/2020\/02\/DSC_4151-80x53.jpg 80w, https:\/\/riad-al-ansari.com\/wp-content\/uploads\/2020\/02\/DSC_4151-1536x1017.jpg 1536w, https:\/\/riad-al-ansari.com\/wp-content\/uploads\/2020\/02\/DSC_4151-2048x1356.jpg 2048w\"><\/a><\/figure>\n\n\n<figure class=\"wp-block-image size-large\"><a href=\"\/?attachment_id=2038\"><img decoding=\"async\" data-id=\"2038\" src=\"data:image\/gif;base64,R0lGODlhAQABAAAAACH5BAEKAAEALAAAAAABAAEAAAICTAEAOw==\" alt=\"\" class=\"wp-image-2038 lazyload\" data-src=\"\/wp-content\/uploads\/2018\/07\/suite-brown-bedroom-main.jpg\"><\/a><\/figure><\/figure>\n<\/div><\/div><\/div><\/div><\/div>\n","protected":false},"excerpt":{"rendered":"<p>Nous avons rassembl\u00e9 des photos spectaculaires de notre h\u00f4tel et de son emplacement pour mettre en valeur la beaut\u00e9 pure de la nature et le style et le design parfaits de nos h\u00e9bergements pour vous inspirer.  <\/p>\n","protected":false},"author":2,"featured_media":0,"parent":0,"menu_order":0,"comment_status":"closed","ping_status":"closed","template":"","meta":{"inline_featured_image":false,"footnotes":""},"class_list":["post-5218","page","type-page","status-publish","hentry"],"yoast_head":"<!-- This site is optimized with the Yoast SEO plugin v27.0 - https:\/\/yoast.com\/product\/yoast-seo-wordpress\/ -->\n<title>Notre galerie - Riad Al Ansari<\/title>\n<meta name=\"robots\" content=\"index, follow, max-snippet:-1, max-image-preview:large, max-video-preview:-1\" \/>\n<link rel=\"canonical\" href=\"https:\/\/riad-al-ansari.com\/fr\/notre-galerie\/\" \/>\n<meta property=\"og:locale\" content=\"fr_FR\" \/>\n<meta property=\"og:type\" content=\"article\" \/>\n<meta property=\"og:title\" content=\"Notre galerie - Riad Al Ansari\" \/>\n<meta property=\"og:description\" content=\"Nous avons rassembl\u00e9 des photos spectaculaires de notre h\u00f4tel et de son emplacement pour mettre en valeur la beaut\u00e9 pure de la nature et le style et le design parfaits de nos h\u00e9bergements pour vous inspirer.\" \/>\n<meta property=\"og:url\" content=\"https:\/\/riad-al-ansari.com\/fr\/notre-galerie\/\" \/>\n<meta property=\"og:site_name\" content=\"Riad Al Ansari\" \/>\n<meta property=\"article:modified_time\" content=\"2022-09-05T22:38:39+00:00\" \/>\n<meta property=\"og:image\" content=\"https:\/\/riad-al-ansari.com\/wp-content\/uploads\/2024\/05\/P1055306-scaled.jpg\" \/>\n\t<meta property=\"og:image:width\" content=\"2560\" \/>\n\t<meta property=\"og:image:height\" content=\"1707\" \/>\n\t<meta property=\"og:image:type\" content=\"image\/jpeg\" \/>\n<meta name=\"twitter:card\" content=\"summary_large_image\" \/>\n<script type=\"application\/ld+json\" class=\"yoast-schema-graph\">{\"@context\":\"https:\/\/schema.org\",\"@graph\":[{\"@type\":\"WebPage\",\"@id\":\"https:\/\/riad-al-ansari.com\/fr\/notre-galerie\/\",\"url\":\"https:\/\/riad-al-ansari.com\/fr\/notre-galerie\/\",\"name\":\"Notre galerie - Riad Al Ansari\",\"isPartOf\":{\"@id\":\"https:\/\/riad-al-ansari.com\/fr\/#website\"},\"datePublished\":\"2019-06-12T10:51:44+00:00\",\"dateModified\":\"2022-09-05T22:38:39+00:00\",\"breadcrumb\":{\"@id\":\"https:\/\/riad-al-ansari.com\/fr\/notre-galerie\/#breadcrumb\"},\"inLanguage\":\"fr-FR\",\"potentialAction\":[{\"@type\":\"ReadAction\",\"target\":[\"https:\/\/riad-al-ansari.com\/fr\/notre-galerie\/\"]}]},{\"@type\":\"BreadcrumbList\",\"@id\":\"https:\/\/riad-al-ansari.com\/fr\/notre-galerie\/#breadcrumb\",\"itemListElement\":[{\"@type\":\"ListItem\",\"position\":1,\"name\":\"Accueil\",\"item\":\"https:\/\/riad-al-ansari.com\/fr\/\"},{\"@type\":\"ListItem\",\"position\":2,\"name\":\"Notre galerie\"}]},{\"@type\":\"WebSite\",\"@id\":\"https:\/\/riad-al-ansari.com\/fr\/#website\",\"url\":\"https:\/\/riad-al-ansari.com\/fr\/\",\"name\":\"Riad Al Ansari\",\"description\":\"Discover the city of F\u00e8s and enjoy the charm of this several centuries old ryad.\",\"publisher\":{\"@id\":\"https:\/\/riad-al-ansari.com\/fr\/#organization\"},\"potentialAction\":[{\"@type\":\"SearchAction\",\"target\":{\"@type\":\"EntryPoint\",\"urlTemplate\":\"https:\/\/riad-al-ansari.com\/fr\/?s={search_term_string}\"},\"query-input\":{\"@type\":\"PropertyValueSpecification\",\"valueRequired\":true,\"valueName\":\"search_term_string\"}}],\"inLanguage\":\"fr-FR\"},{\"@type\":\"Organization\",\"@id\":\"https:\/\/riad-al-ansari.com\/fr\/#organization\",\"name\":\"Riad Al Ansari\",\"url\":\"https:\/\/riad-al-ansari.com\/fr\/\",\"logo\":{\"@type\":\"ImageObject\",\"inLanguage\":\"fr-FR\",\"@id\":\"https:\/\/riad-al-ansari.com\/fr\/#\/schema\/logo\/image\/\",\"url\":\"https:\/\/riad-al-ansari.com\/wp-content\/uploads\/2021\/07\/Logo-header-blanc.png\",\"contentUrl\":\"https:\/\/riad-al-ansari.com\/wp-content\/uploads\/2021\/07\/Logo-header-blanc.png\",\"width\":60,\"height\":60,\"caption\":\"Riad Al Ansari\"},\"image\":{\"@id\":\"https:\/\/riad-al-ansari.com\/fr\/#\/schema\/logo\/image\/\"}}]}<\/script>\n<!-- \/ Yoast SEO plugin. -->","yoast_head_json":{"title":"Notre galerie - Riad Al Ansari","robots":{"index":"index","follow":"follow","max-snippet":"max-snippet:-1","max-image-preview":"max-image-preview:large","max-video-preview":"max-video-preview:-1"},"canonical":"https:\/\/riad-al-ansari.com\/fr\/notre-galerie\/","og_locale":"fr_FR","og_type":"article","og_title":"Notre galerie - Riad Al Ansari","og_description":"Nous avons rassembl\u00e9 des photos spectaculaires de notre h\u00f4tel et de son emplacement pour mettre en valeur la beaut\u00e9 pure de la nature et le style et le design parfaits de nos h\u00e9bergements pour vous inspirer.","og_url":"https:\/\/riad-al-ansari.com\/fr\/notre-galerie\/","og_site_name":"Riad Al Ansari","article_modified_time":"2022-09-05T22:38:39+00:00","og_image":[{"width":2560,"height":1707,"url":"https:\/\/riad-al-ansari.com\/wp-content\/uploads\/2024\/05\/P1055306-scaled.jpg","type":"image\/jpeg"}],"twitter_card":"summary_large_image","schema":{"@context":"https:\/\/schema.org","@graph":[{"@type":"WebPage","@id":"https:\/\/riad-al-ansari.com\/fr\/notre-galerie\/","url":"https:\/\/riad-al-ansari.com\/fr\/notre-galerie\/","name":"Notre galerie - Riad Al Ansari","isPartOf":{"@id":"https:\/\/riad-al-ansari.com\/fr\/#website"},"datePublished":"2019-06-12T10:51:44+00:00","dateModified":"2022-09-05T22:38:39+00:00","breadcrumb":{"@id":"https:\/\/riad-al-ansari.com\/fr\/notre-galerie\/#breadcrumb"},"inLanguage":"fr-FR","potentialAction":[{"@type":"ReadAction","target":["https:\/\/riad-al-ansari.com\/fr\/notre-galerie\/"]}]},{"@type":"BreadcrumbList","@id":"https:\/\/riad-al-ansari.com\/fr\/notre-galerie\/#breadcrumb","itemListElement":[{"@type":"ListItem","position":1,"name":"Accueil","item":"https:\/\/riad-al-ansari.com\/fr\/"},{"@type":"ListItem","position":2,"name":"Notre galerie"}]},{"@type":"WebSite","@id":"https:\/\/riad-al-ansari.com\/fr\/#website","url":"https:\/\/riad-al-ansari.com\/fr\/","name":"Riad Al Ansari","description":"Discover the city of F\u00e8s and enjoy the charm of this several centuries old ryad.","publisher":{"@id":"https:\/\/riad-al-ansari.com\/fr\/#organization"},"potentialAction":[{"@type":"SearchAction","target":{"@type":"EntryPoint","urlTemplate":"https:\/\/riad-al-ansari.com\/fr\/?s={search_term_string}"},"query-input":{"@type":"PropertyValueSpecification","valueRequired":true,"valueName":"search_term_string"}}],"inLanguage":"fr-FR"},{"@type":"Organization","@id":"https:\/\/riad-al-ansari.com\/fr\/#organization","name":"Riad Al Ansari","url":"https:\/\/riad-al-ansari.com\/fr\/","logo":{"@type":"ImageObject","inLanguage":"fr-FR","@id":"https:\/\/riad-al-ansari.com\/fr\/#\/schema\/logo\/image\/","url":"https:\/\/riad-al-ansari.com\/wp-content\/uploads\/2021\/07\/Logo-header-blanc.png","contentUrl":"https:\/\/riad-al-ansari.com\/wp-content\/uploads\/2021\/07\/Logo-header-blanc.png","width":60,"height":60,"caption":"Riad Al Ansari"},"image":{"@id":"https:\/\/riad-al-ansari.com\/fr\/#\/schema\/logo\/image\/"}}]}},"_links":{"self":[{"href":"https:\/\/riad-al-ansari.com\/fr\/wp-json\/wp\/v2\/pages\/5218","targetHints":{"allow":["GET"]}}],"collection":[{"href":"https:\/\/riad-al-ansari.com\/fr\/wp-json\/wp\/v2\/pages"}],"about":[{"href":"https:\/\/riad-al-ansari.com\/fr\/wp-json\/wp\/v2\/types\/page"}],"author":[{"embeddable":true,"href":"https:\/\/riad-al-ansari.com\/fr\/wp-json\/wp\/v2\/users\/2"}],"replies":[{"embeddable":true,"href":"https:\/\/riad-al-ansari.com\/fr\/wp-json\/wp\/v2\/comments?post=5218"}],"version-history":[{"count":0,"href":"https:\/\/riad-al-ansari.com\/fr\/wp-json\/wp\/v2\/pages\/5218\/revisions"}],"wp:attachment":[{"href":"https:\/\/riad-al-ansari.com\/fr\/wp-json\/wp\/v2\/media?parent=5218"}],"curies":[{"name":"wp","href":"https:\/\/api.w.org\/{rel}","templated":true}]}}