{"id":5237,"date":"2019-06-12T11:59:52","date_gmt":"2019-06-12T10:59:52","guid":{"rendered":"\/condiciones-de-uso-y-mencion-legal\/"},"modified":"2022-09-05T23:38:45","modified_gmt":"2022-09-05T22:38:45","slug":"condiciones-de-uso-y-mencion-legal","status":"publish","type":"page","link":"https:\/\/riad-al-ansari.com\/es\/condiciones-de-uso-y-mencion-legal\/","title":{"rendered":"Condiciones de uso y menci\u00f3n legal"},"content":{"rendered":"\n<h2 class=\"wp-block-heading\">Aceptaci\u00f3n de las condiciones<\/h2>\n\n<p>Al acceder al sitio web de Riad Al Ansari y a cualquiera de sus p\u00e1ginas (en adelante, el \u00abSitio de Riad Al Ansari\u00bb), usted acepta las siguientes condiciones de uso e informaci\u00f3n legal. Toda la informaci\u00f3n, los documentos, los productos, las marcas comerciales, los servicios y otros materiales (incluidos los programas inform\u00e1ticos y los enlaces del sitio web de Riad Al Ansari) (en lo sucesivo, el \u00abContenido\u00bb), disponibles en el sitio web de Riad Al Ansari, est\u00e1n sujetos a las presentes condiciones de uso e informaci\u00f3n legal.<\/p>\n\n<h2 class=\"wp-block-heading\">Propiedades intelectuales<\/h2>\n\n<p>El contenido del Sitio de Riad Al Ansari es propiedad de Riad Al Ansari o de sus licenciantes. No obstante, Riad Al Ansari no es propietaria de todas las marcas comerciales que puedan mencionarse en el Contenido del Sitio de Riad Al Ansari. Queda prohibida la reproducci\u00f3n, reedici\u00f3n o distribuci\u00f3n de cualquier contenido del Sitio de Riad Al Ansari sin el consentimiento expreso por escrito de Riad Al Ansari.<\/p>\n\n<p>El nombre de Riad Al Ansari y los componentes de su logotipo son marcas registradas, propiedad de la siguiente empresa:<\/p>\n\n<p class=\"has-text-align-center\">Riad Al Ansari, 21 Derb El Miter, 30110 Fez, Marruecos<\/p>\n\n<p>El Sitio de Riad Al Ansari puede contener o hacer referencia a marcas comerciales, patentes, secretos comerciales, derechos de autor, tecnolog\u00edas, productos, procesos u otros derechos de propiedad de Riad Al Ansari y\/o de otras partes. En particular, no se le concede ni confiere ninguna licencia ni derecho sobre ninguna de las marcas comerciales, patentes, secretos comerciales, derechos de autor, tecnolog\u00edas, productos, procesos u otros derechos de propiedad de Riad Al Ansari y\/o de otras partes.<\/p>\n\n<p>Con respecto a todas las comunicaciones que usted haga a Riad Al Ansari en relaci\u00f3n con la informaci\u00f3n de Riad Al Ansari, que no contengan informaci\u00f3n personal (para la informaci\u00f3n personal, v\u00e9ase la <a href=\"\/privacy-policy\/\">pol\u00edtica de privacidad de Riad Al Ansari<\/a>), incluyendo, pero sin limitarse a ello, preguntas, comentarios, sugerencias y similares.<\/p>\n\n<p>Usted no tendr\u00e1 derecho a la confidencialidad de sus comunicaciones y Riad Al Ansari no tendr\u00e1 ninguna obligaci\u00f3n de proteger sus comunicaciones contra la divulgaci\u00f3n;<\/p>\n\n<p>Riad Al Ansari ser\u00e1 libre de reproducir, utilizar, divulgar y distribuir sus comunicaciones a otros sin limitaciones;<\/p>\n\n<p>Riad Al Ansari ser\u00e1 libre de utilizar cualquier idea, concepto, conocimiento o t\u00e9cnica contenida en sus comunicaciones para cualquier prop\u00f3sito, incluyendo pero no limitado al desarrollo, producci\u00f3n y comercializaci\u00f3n de productos y servicios que incorporen dicha informaci\u00f3n.<\/p>\n\n<h2 class=\"wp-block-heading\">Garant\u00edas \/ Representaci\u00f3n<\/h2>\n\n<p><strong>Oferta no vinculante<\/strong><br\/>El contenido de la p\u00e1gina web de Riad Al Ansari est\u00e1 destinado \u00fanicamente a fines informativos y no constituye en ning\u00fan caso una oferta jur\u00eddicamente vinculante. Para obtener informaci\u00f3n m\u00e1s detallada sobre el servicio de reservas en l\u00ednea, consulte la p\u00e1gina de <a href=\"\/terms-of-sale\/\">condiciones generales de venta<\/a> del Riad Al Ansari.<\/p>\n\n<p><strong>Sin confianza (exactitud, fiabilidad e integridad del sitio)<\/strong><br\/>Si bien Riad Al Ansari se esfuerza de buena fe por verificar que el Contenido del Sitio de Riad Al Ansari sea exacto, completo y actual, Riad Al Ansari o sus socios contractuales no ofrecen ninguna garant\u00eda o representaci\u00f3n expresa o impl\u00edcita (incluida la responsabilidad frente a terceros) en cuanto a su exactitud, fiabilidad o integridad, Riad Al Ansari se reserva el derecho de cambiar, a\u00f1adir y cancelar cualquier informaci\u00f3n, documento, producto, servicio y otro material (incluido cualquier software y estas Condiciones Generales) disponible en el Sitio de Riad Al Ansari estar\u00e1 sujeto a la versi\u00f3n m\u00e1s actualizada de las Condiciones de Uso e Informaci\u00f3n Legal de Riad Al Ansari. Condiciones) disponibles en el Sitio de Riad Al Ansari estar\u00e1n sujetos a la versi\u00f3n m\u00e1s actualizada de las Condiciones de Uso e Informaci\u00f3n Legal de Riad Al Ansari<strong>.<\/strong><\/p>\n\n<h2 class=\"wp-block-heading\">Exenci\u00f3n de responsabilidad<\/h2>\n\n<p>El uso que usted haga del sitio web de Riad Al Ansari es por su cuenta y riesgo. En ning\u00fan caso Riad Al Ansari y\/o sus socios contractuales, cualquiera de sus afiliados, funcionarios, directores, empleados, subsidiarias o empresas matrices ser\u00e1n responsables de ning\u00fan da\u00f1o, ya sea directo, indirecto, punitivo, especial, incidental o consecuente, e incluyendo, sin limitaciones, la p\u00e9rdida de ingresos o de beneficios, que se deriven o est\u00e9n relacionados de alg\u00fan modo con el acceso o el uso, la confianza o la imposibilidad de acceder o utilizar el Contenido del Sitio de Riad Al Ansari, o que resulten del acceso o la imposibilidad de acceder a los sitios web enlazados, ya sea por contacto, agravio, responsabilidad estricta o de otro modo, incluso si Riad Al Ansari y\/o sus proveedores han sido advertidos de la posibilidad de que se produzcan da\u00f1os.<\/p>\n\n<p>El contenido del sitio web de Riad Al Ansari se proporciona \u00abtal cual\u00bb, sin garant\u00eda de ning\u00fan tipo, ya sea expresa o impl\u00edcita, incluidas, pero sin limitarse a ellas, las garant\u00edas impl\u00edcitas de comerciabilidad, idoneidad para un fin determinado o no infracci\u00f3n.<\/p>\n\n<p>La informaci\u00f3n de Riad Al Ansari puede contener inexactitudes t\u00e9cnicas o errores tipogr\u00e1ficos. Riad Al Ansari se reserva el derecho a realizar cambios, correcciones y\/o mejoras en la informaci\u00f3n de Riad Al Ansari, as\u00ed como en los productos y programas descritos en dicha informaci\u00f3n, en cualquier momento y sin previo aviso.<\/p>\n\n<h2 class=\"wp-block-heading\">No hay garant\u00eda de contenido libre de virus<\/h2>\n\n<p>Riad Al Ansari no se responsabiliza ni garantiza que las funciones del Sitio de Riad Al Ansari sean ininterrumpidas o est\u00e9n libres de errores, que los defectos sean corregidos o que el Sitio de Riad Al Ansari (incluyendo su Contenido) o los servidores que lo hacen disponible est\u00e9n libres de virus u otros componentes da\u00f1inos.<\/p>\n\n<h2 class=\"wp-block-heading\">Enlaces<\/h2>\n\n<p><strong>No se responsabiliza ni respalda los sitios web enlazados<\/strong><br\/>El Sitio de Riad Al Ansari puede contener enlaces a otros sitios web que no son mantenidos por Riad Al Ansari. Riad Al Ansari no se responsabiliza de la informaci\u00f3n, los productos, los servicios u otros materiales que se obtengan en esos otros sitios web y no ser\u00e1 responsable de los da\u00f1os y perjuicios que puedan derivarse del acceso o la utilizaci\u00f3n de los mismos. La inclusi\u00f3n de estos enlaces no implica la aprobaci\u00f3n de los sitios enlazados, ni del contenido de los mismos, ni de las direcciones enlazadas.<\/p>\n\n<p><strong>Prohibido enlazar sin el consentimiento de Riad Al Ansari<\/strong><br\/>Se proh\u00edbe el enlace de otros sitios web al Sitio de Riad Al Ansari sin el consentimiento expreso y previo por escrito de Riad Al Ansari.<\/p>\n\n<h2 class=\"wp-block-heading\">Seguridad de los datos en Internet<\/h2>\n\n<p><strong>Informaci\u00f3n general<\/strong><br\/>Tenga en cuenta que la World Wide Web es un sistema de acceso p\u00fablico. Cada vez que se pone a disposici\u00f3n informaci\u00f3n personal en l\u00ednea se hace bajo su propio riesgo. Sus datos podr\u00edan perderse en el camino o ser accesibles a terceros no autorizados.<\/p>\n\n<p><strong>Navegando por<\/strong><br\/>El sitio web de Riad Al Ansari no est\u00e1 configurado para recopilar informaci\u00f3n personal identificable del visitante mientras navega por \u00e9l. Recoge informaci\u00f3n \u00fanicamente con fines estad\u00edsticos generales. A menos que proporcione voluntariamente a Riad Al Ansari su informaci\u00f3n personal (por ejemplo, su nombre y apellidos, cargo, direcci\u00f3n postal, direcci\u00f3n de correo electr\u00f3nico, tel\u00e9fono, preferencias de alojamiento u otra informaci\u00f3n de identificaci\u00f3n personal), \u00e9sta no estar\u00e1 disponible para Riad Al Ansari.<\/p>\n\n<p><strong>Direcci\u00f3n Protocal de Internet (IP)<\/strong><br\/>Cada vez que navegas por Internet se asigna autom\u00e1ticamente una direcci\u00f3n IP a tu ordenador. Cuando los usuarios solicitan una p\u00e1gina del sitio de Riad Al Ansari, los servidores de Riad Al Ansari registran la direcci\u00f3n IP actual del usuario. Las direcciones IP se utilizan para diagnosticar problemas.<\/p>\n\n<p><strong>Galletas<\/strong><br\/>El sitio de Riad Al Ansari pone en uso la tecnolog\u00eda de las \u00abcookies\u00bb. Estas cookies est\u00e1n dise\u00f1adas para facilitar su visita al sitio de Riad Al Ansari. Por ejemplo, las cookies se utilizan para evitar que un mismo usuario se inscriba repetidamente en el libro de visitas de Riad Al Ansari.<\/p>\n\n<p><strong>Sistema de encriptaci\u00f3n<\/strong><br\/>Cuando usted proporciona informaci\u00f3n personal como, por ejemplo, su nombre, direcci\u00f3n o n\u00famero de tarjeta de cr\u00e9dito al hacer una reserva, su informaci\u00f3n se encripta al viajar por Internet. Una vez que su informaci\u00f3n llega a Riad Al Ansari, se almacena en un servidor seguro que reside detr\u00e1s de un cortafuegos. El cortafuegos est\u00e1 dise\u00f1ado para bloquear el acceso a estos datos desde fuera de Riad Al Ansari.<\/p>\n\n<h2 class=\"wp-block-heading\">Requisitos de divulgaci\u00f3n de la normativa del sector<\/h2>\n\n<p>Responsable del tratamiento : Fouad Ansari<\/p>\n\n<p>La informaci\u00f3n recogida en la p\u00e1gina web www.riad-al-ansari.com es objeto de un tratamiento para la promoci\u00f3n de la casa de hu\u00e9spedes y el servicio de reservas.<\/p>\n\n<p>Destino de los datos: empresa Riad Al Ansari.<\/p>\n\n<p>De conformidad con la Ley n\u00ba 09-08 promulgada por el Dahir 1-09-15 de 18 de febrero de 2009, sobre la protecci\u00f3n de las personas f\u00edsicas en lo que respecta al tratamiento de datos personales, usted tiene derecho a acceder y rectificar la informaci\u00f3n que le concierne, que puede ejercer poni\u00e9ndose en contacto con nuestros servicios a trav\u00e9s de <a href=\"\/gdpr-change-my-information\/\">este formulario<\/a>.<\/p>\n\n<p>Tambi\u00e9n puede, por razones leg\u00edtimas, oponerse al tratamiento de sus datos. Esta operaci\u00f3n de tratamiento ha sido notificada y autorizada por el CNDP con el recibo \/ autorizaci\u00f3n n\u00ba&#8230;&#8230;&#8230;&#8230;&#8230;&#8230;&#8230; con fecha de xx\/xx\/XXXX (A completar)<\/p>\n\n<p><\/p>\n","protected":false},"excerpt":{"rendered":"<p>Aceptaci\u00f3n de las condiciones Al acceder al sitio web de Riad Al Ansari y a cualquiera de sus p\u00e1ginas (en adelante, el \u00abSitio de Riad Al Ansari\u00bb), usted acepta las siguientes condiciones de uso e informaci\u00f3n legal. Toda la informaci\u00f3n, los documentos, los productos, las marcas comerciales, los servicios y otros materiales (incluidos los programas [&hellip;]<\/p>\n","protected":false},"author":2,"featured_media":0,"parent":0,"menu_order":0,"comment_status":"closed","ping_status":"closed","template":"","meta":{"inline_featured_image":false,"footnotes":""},"class_list":["post-5237","page","type-page","status-publish","hentry"],"yoast_head":"<!-- This site is optimized with the Yoast SEO plugin v27.0 - https:\/\/yoast.com\/product\/yoast-seo-wordpress\/ -->\n<title>Condiciones de uso y menci\u00f3n legal - Riad Al Ansari<\/title>\n<meta name=\"robots\" content=\"noindex, nofollow\" \/>\n<meta property=\"og:locale\" content=\"es_ES\" \/>\n<meta property=\"og:type\" content=\"article\" \/>\n<meta property=\"og:title\" content=\"Condiciones de uso y menci\u00f3n legal - Riad Al Ansari\" \/>\n<meta property=\"og:description\" content=\"Aceptaci\u00f3n de las condiciones Al acceder al sitio web de Riad Al Ansari y a cualquiera de sus p\u00e1ginas (en adelante, el \u00abSitio de Riad Al Ansari\u00bb), usted acepta las siguientes condiciones de uso e informaci\u00f3n legal. Toda la informaci\u00f3n, los documentos, los productos, las marcas comerciales, los servicios y otros materiales (incluidos los programas [&hellip;]\" \/>\n<meta property=\"og:url\" content=\"https:\/\/riad-al-ansari.com\/es\/condiciones-de-uso-y-mencion-legal\/\" \/>\n<meta property=\"og:site_name\" content=\"Riad Al Ansari\" \/>\n<meta property=\"article:modified_time\" content=\"2022-09-05T22:38:45+00:00\" \/>\n<meta property=\"og:image\" content=\"https:\/\/riad-al-ansari.com\/wp-content\/uploads\/2024\/05\/P1055306-scaled.jpg\" \/>\n\t<meta property=\"og:image:width\" content=\"2560\" \/>\n\t<meta property=\"og:image:height\" content=\"1707\" \/>\n\t<meta property=\"og:image:type\" content=\"image\/jpeg\" \/>\n<meta name=\"twitter:card\" content=\"summary_large_image\" \/>\n<meta name=\"twitter:label1\" content=\"Tiempo de lectura\" \/>\n\t<meta name=\"twitter:data1\" content=\"8 minutos\" \/>\n<script type=\"application\/ld+json\" class=\"yoast-schema-graph\">{\"@context\":\"https:\/\/schema.org\",\"@graph\":[{\"@type\":\"WebPage\",\"@id\":\"https:\/\/riad-al-ansari.com\/es\/condiciones-de-uso-y-mencion-legal\/\",\"url\":\"https:\/\/riad-al-ansari.com\/es\/condiciones-de-uso-y-mencion-legal\/\",\"name\":\"Condiciones de uso y menci\u00f3n legal - Riad Al Ansari\",\"isPartOf\":{\"@id\":\"https:\/\/riad-al-ansari.com\/es\/#website\"},\"datePublished\":\"2019-06-12T10:59:52+00:00\",\"dateModified\":\"2022-09-05T22:38:45+00:00\",\"breadcrumb\":{\"@id\":\"https:\/\/riad-al-ansari.com\/es\/condiciones-de-uso-y-mencion-legal\/#breadcrumb\"},\"inLanguage\":\"es\",\"potentialAction\":[{\"@type\":\"ReadAction\",\"target\":[\"https:\/\/riad-al-ansari.com\/es\/condiciones-de-uso-y-mencion-legal\/\"]}]},{\"@type\":\"BreadcrumbList\",\"@id\":\"https:\/\/riad-al-ansari.com\/es\/condiciones-de-uso-y-mencion-legal\/#breadcrumb\",\"itemListElement\":[{\"@type\":\"ListItem\",\"position\":1,\"name\":\"Accueil\",\"item\":\"https:\/\/riad-al-ansari.com\/es\/\"},{\"@type\":\"ListItem\",\"position\":2,\"name\":\"Condiciones de uso y menci\u00f3n legal\"}]},{\"@type\":\"WebSite\",\"@id\":\"https:\/\/riad-al-ansari.com\/es\/#website\",\"url\":\"https:\/\/riad-al-ansari.com\/es\/\",\"name\":\"Riad Al Ansari\",\"description\":\"Discover the city of F\u00e8s and enjoy the charm of this several centuries old ryad.\",\"publisher\":{\"@id\":\"https:\/\/riad-al-ansari.com\/es\/#organization\"},\"potentialAction\":[{\"@type\":\"SearchAction\",\"target\":{\"@type\":\"EntryPoint\",\"urlTemplate\":\"https:\/\/riad-al-ansari.com\/es\/?s={search_term_string}\"},\"query-input\":{\"@type\":\"PropertyValueSpecification\",\"valueRequired\":true,\"valueName\":\"search_term_string\"}}],\"inLanguage\":\"es\"},{\"@type\":\"Organization\",\"@id\":\"https:\/\/riad-al-ansari.com\/es\/#organization\",\"name\":\"Riad Al Ansari\",\"url\":\"https:\/\/riad-al-ansari.com\/es\/\",\"logo\":{\"@type\":\"ImageObject\",\"inLanguage\":\"es\",\"@id\":\"https:\/\/riad-al-ansari.com\/es\/#\/schema\/logo\/image\/\",\"url\":\"https:\/\/riad-al-ansari.com\/wp-content\/uploads\/2021\/07\/Logo-header-blanc.png\",\"contentUrl\":\"https:\/\/riad-al-ansari.com\/wp-content\/uploads\/2021\/07\/Logo-header-blanc.png\",\"width\":60,\"height\":60,\"caption\":\"Riad Al Ansari\"},\"image\":{\"@id\":\"https:\/\/riad-al-ansari.com\/es\/#\/schema\/logo\/image\/\"}}]}<\/script>\n<!-- \/ Yoast SEO plugin. -->","yoast_head_json":{"title":"Condiciones de uso y menci\u00f3n legal - Riad Al Ansari","robots":{"index":"noindex","follow":"nofollow"},"og_locale":"es_ES","og_type":"article","og_title":"Condiciones de uso y menci\u00f3n legal - Riad Al Ansari","og_description":"Aceptaci\u00f3n de las condiciones Al acceder al sitio web de Riad Al Ansari y a cualquiera de sus p\u00e1ginas (en adelante, el \u00abSitio de Riad Al Ansari\u00bb), usted acepta las siguientes condiciones de uso e informaci\u00f3n legal. Toda la informaci\u00f3n, los documentos, los productos, las marcas comerciales, los servicios y otros materiales (incluidos los programas [&hellip;]","og_url":"https:\/\/riad-al-ansari.com\/es\/condiciones-de-uso-y-mencion-legal\/","og_site_name":"Riad Al Ansari","article_modified_time":"2022-09-05T22:38:45+00:00","og_image":[{"width":2560,"height":1707,"url":"https:\/\/riad-al-ansari.com\/wp-content\/uploads\/2024\/05\/P1055306-scaled.jpg","type":"image\/jpeg"}],"twitter_card":"summary_large_image","twitter_misc":{"Tiempo de lectura":"8 minutos"},"schema":{"@context":"https:\/\/schema.org","@graph":[{"@type":"WebPage","@id":"https:\/\/riad-al-ansari.com\/es\/condiciones-de-uso-y-mencion-legal\/","url":"https:\/\/riad-al-ansari.com\/es\/condiciones-de-uso-y-mencion-legal\/","name":"Condiciones de uso y menci\u00f3n legal - Riad Al Ansari","isPartOf":{"@id":"https:\/\/riad-al-ansari.com\/es\/#website"},"datePublished":"2019-06-12T10:59:52+00:00","dateModified":"2022-09-05T22:38:45+00:00","breadcrumb":{"@id":"https:\/\/riad-al-ansari.com\/es\/condiciones-de-uso-y-mencion-legal\/#breadcrumb"},"inLanguage":"es","potentialAction":[{"@type":"ReadAction","target":["https:\/\/riad-al-ansari.com\/es\/condiciones-de-uso-y-mencion-legal\/"]}]},{"@type":"BreadcrumbList","@id":"https:\/\/riad-al-ansari.com\/es\/condiciones-de-uso-y-mencion-legal\/#breadcrumb","itemListElement":[{"@type":"ListItem","position":1,"name":"Accueil","item":"https:\/\/riad-al-ansari.com\/es\/"},{"@type":"ListItem","position":2,"name":"Condiciones de uso y menci\u00f3n legal"}]},{"@type":"WebSite","@id":"https:\/\/riad-al-ansari.com\/es\/#website","url":"https:\/\/riad-al-ansari.com\/es\/","name":"Riad Al Ansari","description":"Discover the city of F\u00e8s and enjoy the charm of this several centuries old ryad.","publisher":{"@id":"https:\/\/riad-al-ansari.com\/es\/#organization"},"potentialAction":[{"@type":"SearchAction","target":{"@type":"EntryPoint","urlTemplate":"https:\/\/riad-al-ansari.com\/es\/?s={search_term_string}"},"query-input":{"@type":"PropertyValueSpecification","valueRequired":true,"valueName":"search_term_string"}}],"inLanguage":"es"},{"@type":"Organization","@id":"https:\/\/riad-al-ansari.com\/es\/#organization","name":"Riad Al Ansari","url":"https:\/\/riad-al-ansari.com\/es\/","logo":{"@type":"ImageObject","inLanguage":"es","@id":"https:\/\/riad-al-ansari.com\/es\/#\/schema\/logo\/image\/","url":"https:\/\/riad-al-ansari.com\/wp-content\/uploads\/2021\/07\/Logo-header-blanc.png","contentUrl":"https:\/\/riad-al-ansari.com\/wp-content\/uploads\/2021\/07\/Logo-header-blanc.png","width":60,"height":60,"caption":"Riad Al Ansari"},"image":{"@id":"https:\/\/riad-al-ansari.com\/es\/#\/schema\/logo\/image\/"}}]}},"_links":{"self":[{"href":"https:\/\/riad-al-ansari.com\/es\/wp-json\/wp\/v2\/pages\/5237","targetHints":{"allow":["GET"]}}],"collection":[{"href":"https:\/\/riad-al-ansari.com\/es\/wp-json\/wp\/v2\/pages"}],"about":[{"href":"https:\/\/riad-al-ansari.com\/es\/wp-json\/wp\/v2\/types\/page"}],"author":[{"embeddable":true,"href":"https:\/\/riad-al-ansari.com\/es\/wp-json\/wp\/v2\/users\/2"}],"replies":[{"embeddable":true,"href":"https:\/\/riad-al-ansari.com\/es\/wp-json\/wp\/v2\/comments?post=5237"}],"version-history":[{"count":0,"href":"https:\/\/riad-al-ansari.com\/es\/wp-json\/wp\/v2\/pages\/5237\/revisions"}],"wp:attachment":[{"href":"https:\/\/riad-al-ansari.com\/es\/wp-json\/wp\/v2\/media?parent=5237"}],"curies":[{"name":"wp","href":"https:\/\/api.w.org\/{rel}","templated":true}]}}