{"id":5235,"date":"2019-10-22T09:45:05","date_gmt":"2019-10-22T08:45:05","guid":{"rendered":"\/galletas\/"},"modified":"2022-09-05T23:38:44","modified_gmt":"2022-09-05T22:38:44","slug":"galletas","status":"publish","type":"page","link":"https:\/\/riad-al-ansari.com\/es\/galletas\/","title":{"rendered":"Galletas"},"content":{"rendered":"\n<h2 class=\"wp-block-heading\">Las cookies y sus beneficios<\/h2>\n\n<p>Nuestro sitio web <a href=\"\/es\/\">riad-al-ansari.com<\/a> utiliza cookies, como casi todos los sitios web, para ayudar a proporcionarle la mejor experiencia posible. Las cookies son peque\u00f1os archivos de texto que se colocan en su ordenador o tel\u00e9fono m\u00f3vil cuando navega por sitios web<br\/><br\/>Nuestras cookies nos ayudan a:<\/p>\n\n<ul class=\"wp-block-list\"><li>Hacer que nuestro sitio web funcione como usted espera<\/li><li>Recuerde sus ajustes durante y entre las visitas<\/li><li>Mejorar la velocidad\/seguridad del sitio<\/li><li>Permite compartir p\u00e1ginas con redes sociales como Facebook<\/li><li>Mejorar continuamente nuestro sitio web para usted<\/li><li>Hacer que nuestro marketing sea m\u00e1s eficiente, ayud\u00e1ndonos en \u00faltima instancia a seguir ofreciendo la informaci\u00f3n gratuita de este sitio web, a mejorar los productos de pago que ofrecemos y a desarrollar nuevos productos<\/li><\/ul>\n<p>No utilizamos cookies para:<\/p>\n\n<ul class=\"wp-block-list\"><li>Recoger cualquier informaci\u00f3n personal identificable (sin su permiso expreso)<\/li><li>Recoger cualquier informaci\u00f3n sensible (sin su permiso expreso)<\/li><li>Pasar datos personales identificables a terceros<\/li><li>Pagar las comisiones de venta<br\/><\/li><\/ul>\n<p>Puede obtener m\u00e1s informaci\u00f3n sobre las cookies que utilizamos a continuaci\u00f3n.<\/p>\n\n<div style=\"height:42px\" aria-hidden=\"true\" class=\"wp-block-spacer\"><\/div>\n\n<h2 class=\"wp-block-heading\">Autorizaci\u00f3n del uso de cookies<\/h2>\n\n<p>Si la configuraci\u00f3n del software que utiliza para ver este sitio web (es decir, su navegador) est\u00e1 ajustada para aceptar las cookies, consideramos que esto, y su uso continuado de nuestro sitio web, significa que est\u00e1 de acuerdo con esto.<\/p>\n\n<p>Adem\u00e1s, ver\u00e1 una ventana emergente en la parte inferior de la p\u00e1gina cuando la visite por primera vez; esto le informa de que se est\u00e1n utilizando cookies. Puedes estar \u00abde acuerdo\u00bb o hacer clic en \u00absaber m\u00e1s\u00bb, lo que te lleva a esta p\u00e1gina y puede ser la forma en que has llegado aqu\u00ed. Si ignoras la ventana emergente, acabar\u00e1 por desaparecer. Una vez m\u00e1s, consideramos que su uso continuado de este sitio indica que est\u00e1 de acuerdo con nuestro uso de cookies.<br\/><br\/>Si desea eliminar o no utilizar las cookies de nuestro sitio, puede saber c\u00f3mo hacerlo a continuaci\u00f3n; sin embargo, si lo hace, es probable que nuestro sitio no funcione como usted espera.<\/p>\n\n<div style=\"height:42px\" aria-hidden=\"true\" class=\"wp-block-spacer\"><\/div>\n\n<h2 class=\"wp-block-heading\">M\u00e1s informaci\u00f3n sobre nuestras cookies<\/h2>\n\n<h3 class=\"wp-block-heading\">Nuestras propias cookies<\/h3>\n\n<p>Utilizamos cookies para que nuestro sitio web funcione, entre otras cosas:<br\/><\/p>\n\n<ul class=\"wp-block-list\"><li>Hacer que nuestro embudo de reservas y el proceso de pago funcionen<\/li><li>C\u00f3mo hacer funcionar los filtros de b\u00fasqueda<\/li><li>Recordar si ya le hemos hecho ciertas preguntas (por ejemplo, si se ha suscrito a nuestro bolet\u00edn de noticias)<\/li><li>No hay forma de evitar la instalaci\u00f3n de estas cookies, salvo no utilizar nuestro sitio.<\/li><\/ul>\n<div style=\"height:42px\" aria-hidden=\"true\" class=\"wp-block-spacer\"><\/div>\n\n<h3 class=\"wp-block-heading\">Funciones de terceros<\/h3>\n\n<p>Nuestro sitio, como la mayor\u00eda de los sitios web, incluye funciones proporcionadas por terceros. Podemos utilizar un v\u00eddeo de YouTube incrustado. Nuestro sitio incluye los siguientes que utilizan cookies: 2Checkout.com, PayPal y Mailchimp.<br\/><br\/>Si se deshabilitan estas cookies, es probable que se interrumpan las funciones ofrecidas por estos terceros.<\/p>\n\n<div style=\"height:42px\" aria-hidden=\"true\" class=\"wp-block-spacer\"><\/div>\n\n<h3 class=\"wp-block-heading\">Cookies de estad\u00edsticas de visitantes<\/h3>\n\n<p>Utilizamos cookies para recopilar estad\u00edsticas de visitantes, como el n\u00famero de personas que han visitado nuestro sitio web, el tipo de tecnolog\u00eda que utilizan (por ejemplo, Mac o Windows, lo que ayuda a identificar cuando nuestro sitio no funciona como deber\u00eda para determinadas tecnolog\u00edas), el tiempo que pasan en el sitio, la p\u00e1gina que miran, etc. Esto nos ayuda a mejorar continuamente nuestro sitio web. Estos programas denominados \u00abanal\u00edticos\u00bb tambi\u00e9n nos indican c\u00f3mo ha llegado la gente a este sitio (por ejemplo, desde un motor de b\u00fasqueda) y si han estado aqu\u00ed antes, lo que nos ayuda a concentrar nuestros recursos de manera m\u00e1s eficaz en el desarrollo de nuestro sitio web y de los productos para usted.<br\/>En nuestro sitio, utilizamos Google Analytics.<\/p>\n\n<div style=\"height:42px\" aria-hidden=\"true\" class=\"wp-block-spacer\"><\/div>\n\n<h3 class=\"wp-block-heading\">C\u00f3mo desactivar las cookies<\/h3>\n\n<p>Por lo general, puede desactivar las cookies ajustando la configuraci\u00f3n de su navegador para que no acepte cookies (Aprenda c\u00f3mo hacerlo aqu\u00ed). Sin embargo, es probable que esto limite la funcionalidad de nuestro sitio web, y de una gran parte de los sitios web del mundo, ya que las cookies son una parte est\u00e1ndar de la mayor\u00eda de los sitios web modernos<br\/><br\/>Es posible que su preocupaci\u00f3n por las cookies est\u00e9 relacionada con el llamado \u00abspyware\u00bb. En lugar de desactivar las cookies en su navegador, puede encontrar que el software anti-spyware logra el mismo objetivo eliminando autom\u00e1ticamente las cookies consideradas invasivas. M\u00e1s informaci\u00f3n sobre la <a href=\"http:\/\/www.attacat.co.uk\/resources\/cookies\/how-to-control-your-online-privacy\" target=\"_blank\" rel=\"noreferrer noopener\" aria-label=\" (opens in a new tab)\">gesti\u00f3n de las cookies con el software antispyware<\/a>.<\/p>\n","protected":false},"excerpt":{"rendered":"<p>Las cookies y sus beneficios Nuestro sitio web riad-al-ansari.com utiliza cookies, como casi todos los sitios web, para ayudar a proporcionarle la mejor experiencia posible. Las cookies son peque\u00f1os archivos de texto que se colocan en su ordenador o tel\u00e9fono m\u00f3vil cuando navega por sitios web Nuestras cookies nos ayudan a: Hacer que nuestro sitio [&hellip;]<\/p>\n","protected":false},"author":1,"featured_media":0,"parent":0,"menu_order":0,"comment_status":"closed","ping_status":"closed","template":"","meta":{"inline_featured_image":false,"footnotes":""},"class_list":["post-5235","page","type-page","status-publish","hentry"],"yoast_head":"<!-- This site is optimized with the Yoast SEO plugin v27.0 - https:\/\/yoast.com\/product\/yoast-seo-wordpress\/ -->\n<title>Galletas - Riad Al Ansari<\/title>\n<meta name=\"robots\" content=\"noindex, nofollow\" \/>\n<meta property=\"og:locale\" content=\"es_ES\" \/>\n<meta property=\"og:type\" content=\"article\" \/>\n<meta property=\"og:title\" content=\"Galletas - Riad Al Ansari\" \/>\n<meta property=\"og:description\" content=\"Las cookies y sus beneficios Nuestro sitio web riad-al-ansari.com utiliza cookies, como casi todos los sitios web, para ayudar a proporcionarle la mejor experiencia posible. Las cookies son peque\u00f1os archivos de texto que se colocan en su ordenador o tel\u00e9fono m\u00f3vil cuando navega por sitios web Nuestras cookies nos ayudan a: Hacer que nuestro sitio [&hellip;]\" \/>\n<meta property=\"og:url\" content=\"https:\/\/riad-al-ansari.com\/es\/galletas\/\" \/>\n<meta property=\"og:site_name\" content=\"Riad Al Ansari\" \/>\n<meta property=\"article:modified_time\" content=\"2022-09-05T22:38:44+00:00\" \/>\n<meta property=\"og:image\" content=\"https:\/\/riad-al-ansari.com\/wp-content\/uploads\/2024\/05\/P1055306-scaled.jpg\" \/>\n\t<meta property=\"og:image:width\" content=\"2560\" \/>\n\t<meta property=\"og:image:height\" content=\"1707\" \/>\n\t<meta property=\"og:image:type\" content=\"image\/jpeg\" \/>\n<meta name=\"twitter:card\" content=\"summary_large_image\" \/>\n<meta name=\"twitter:label1\" content=\"Tiempo de lectura\" \/>\n\t<meta name=\"twitter:data1\" content=\"4 minutos\" \/>\n<script type=\"application\/ld+json\" class=\"yoast-schema-graph\">{\"@context\":\"https:\/\/schema.org\",\"@graph\":[{\"@type\":\"WebPage\",\"@id\":\"https:\/\/riad-al-ansari.com\/es\/galletas\/\",\"url\":\"https:\/\/riad-al-ansari.com\/es\/galletas\/\",\"name\":\"Galletas - Riad Al Ansari\",\"isPartOf\":{\"@id\":\"https:\/\/riad-al-ansari.com\/es\/#website\"},\"datePublished\":\"2019-10-22T08:45:05+00:00\",\"dateModified\":\"2022-09-05T22:38:44+00:00\",\"breadcrumb\":{\"@id\":\"https:\/\/riad-al-ansari.com\/es\/galletas\/#breadcrumb\"},\"inLanguage\":\"es\",\"potentialAction\":[{\"@type\":\"ReadAction\",\"target\":[\"https:\/\/riad-al-ansari.com\/es\/galletas\/\"]}]},{\"@type\":\"BreadcrumbList\",\"@id\":\"https:\/\/riad-al-ansari.com\/es\/galletas\/#breadcrumb\",\"itemListElement\":[{\"@type\":\"ListItem\",\"position\":1,\"name\":\"Accueil\",\"item\":\"https:\/\/riad-al-ansari.com\/es\/\"},{\"@type\":\"ListItem\",\"position\":2,\"name\":\"Galletas\"}]},{\"@type\":\"WebSite\",\"@id\":\"https:\/\/riad-al-ansari.com\/es\/#website\",\"url\":\"https:\/\/riad-al-ansari.com\/es\/\",\"name\":\"Riad Al Ansari\",\"description\":\"Discover the city of F\u00e8s and enjoy the charm of this several centuries old ryad.\",\"publisher\":{\"@id\":\"https:\/\/riad-al-ansari.com\/es\/#organization\"},\"potentialAction\":[{\"@type\":\"SearchAction\",\"target\":{\"@type\":\"EntryPoint\",\"urlTemplate\":\"https:\/\/riad-al-ansari.com\/es\/?s={search_term_string}\"},\"query-input\":{\"@type\":\"PropertyValueSpecification\",\"valueRequired\":true,\"valueName\":\"search_term_string\"}}],\"inLanguage\":\"es\"},{\"@type\":\"Organization\",\"@id\":\"https:\/\/riad-al-ansari.com\/es\/#organization\",\"name\":\"Riad Al Ansari\",\"url\":\"https:\/\/riad-al-ansari.com\/es\/\",\"logo\":{\"@type\":\"ImageObject\",\"inLanguage\":\"es\",\"@id\":\"https:\/\/riad-al-ansari.com\/es\/#\/schema\/logo\/image\/\",\"url\":\"https:\/\/riad-al-ansari.com\/wp-content\/uploads\/2021\/07\/Logo-header-blanc.png\",\"contentUrl\":\"https:\/\/riad-al-ansari.com\/wp-content\/uploads\/2021\/07\/Logo-header-blanc.png\",\"width\":60,\"height\":60,\"caption\":\"Riad Al Ansari\"},\"image\":{\"@id\":\"https:\/\/riad-al-ansari.com\/es\/#\/schema\/logo\/image\/\"}}]}<\/script>\n<!-- \/ Yoast SEO plugin. -->","yoast_head_json":{"title":"Galletas - Riad Al Ansari","robots":{"index":"noindex","follow":"nofollow"},"og_locale":"es_ES","og_type":"article","og_title":"Galletas - Riad Al Ansari","og_description":"Las cookies y sus beneficios Nuestro sitio web riad-al-ansari.com utiliza cookies, como casi todos los sitios web, para ayudar a proporcionarle la mejor experiencia posible. Las cookies son peque\u00f1os archivos de texto que se colocan en su ordenador o tel\u00e9fono m\u00f3vil cuando navega por sitios web Nuestras cookies nos ayudan a: Hacer que nuestro sitio [&hellip;]","og_url":"https:\/\/riad-al-ansari.com\/es\/galletas\/","og_site_name":"Riad Al Ansari","article_modified_time":"2022-09-05T22:38:44+00:00","og_image":[{"width":2560,"height":1707,"url":"https:\/\/riad-al-ansari.com\/wp-content\/uploads\/2024\/05\/P1055306-scaled.jpg","type":"image\/jpeg"}],"twitter_card":"summary_large_image","twitter_misc":{"Tiempo de lectura":"4 minutos"},"schema":{"@context":"https:\/\/schema.org","@graph":[{"@type":"WebPage","@id":"https:\/\/riad-al-ansari.com\/es\/galletas\/","url":"https:\/\/riad-al-ansari.com\/es\/galletas\/","name":"Galletas - Riad Al Ansari","isPartOf":{"@id":"https:\/\/riad-al-ansari.com\/es\/#website"},"datePublished":"2019-10-22T08:45:05+00:00","dateModified":"2022-09-05T22:38:44+00:00","breadcrumb":{"@id":"https:\/\/riad-al-ansari.com\/es\/galletas\/#breadcrumb"},"inLanguage":"es","potentialAction":[{"@type":"ReadAction","target":["https:\/\/riad-al-ansari.com\/es\/galletas\/"]}]},{"@type":"BreadcrumbList","@id":"https:\/\/riad-al-ansari.com\/es\/galletas\/#breadcrumb","itemListElement":[{"@type":"ListItem","position":1,"name":"Accueil","item":"https:\/\/riad-al-ansari.com\/es\/"},{"@type":"ListItem","position":2,"name":"Galletas"}]},{"@type":"WebSite","@id":"https:\/\/riad-al-ansari.com\/es\/#website","url":"https:\/\/riad-al-ansari.com\/es\/","name":"Riad Al Ansari","description":"Discover the city of F\u00e8s and enjoy the charm of this several centuries old ryad.","publisher":{"@id":"https:\/\/riad-al-ansari.com\/es\/#organization"},"potentialAction":[{"@type":"SearchAction","target":{"@type":"EntryPoint","urlTemplate":"https:\/\/riad-al-ansari.com\/es\/?s={search_term_string}"},"query-input":{"@type":"PropertyValueSpecification","valueRequired":true,"valueName":"search_term_string"}}],"inLanguage":"es"},{"@type":"Organization","@id":"https:\/\/riad-al-ansari.com\/es\/#organization","name":"Riad Al Ansari","url":"https:\/\/riad-al-ansari.com\/es\/","logo":{"@type":"ImageObject","inLanguage":"es","@id":"https:\/\/riad-al-ansari.com\/es\/#\/schema\/logo\/image\/","url":"https:\/\/riad-al-ansari.com\/wp-content\/uploads\/2021\/07\/Logo-header-blanc.png","contentUrl":"https:\/\/riad-al-ansari.com\/wp-content\/uploads\/2021\/07\/Logo-header-blanc.png","width":60,"height":60,"caption":"Riad Al Ansari"},"image":{"@id":"https:\/\/riad-al-ansari.com\/es\/#\/schema\/logo\/image\/"}}]}},"_links":{"self":[{"href":"https:\/\/riad-al-ansari.com\/es\/wp-json\/wp\/v2\/pages\/5235","targetHints":{"allow":["GET"]}}],"collection":[{"href":"https:\/\/riad-al-ansari.com\/es\/wp-json\/wp\/v2\/pages"}],"about":[{"href":"https:\/\/riad-al-ansari.com\/es\/wp-json\/wp\/v2\/types\/page"}],"author":[{"embeddable":true,"href":"https:\/\/riad-al-ansari.com\/es\/wp-json\/wp\/v2\/users\/1"}],"replies":[{"embeddable":true,"href":"https:\/\/riad-al-ansari.com\/es\/wp-json\/wp\/v2\/comments?post=5235"}],"version-history":[{"count":0,"href":"https:\/\/riad-al-ansari.com\/es\/wp-json\/wp\/v2\/pages\/5235\/revisions"}],"wp:attachment":[{"href":"https:\/\/riad-al-ansari.com\/es\/wp-json\/wp\/v2\/media?parent=5235"}],"curies":[{"name":"wp","href":"https:\/\/api.w.org\/{rel}","templated":true}]}}